{"id":614,"date":"2023-01-21T15:13:12","date_gmt":"2023-01-21T15:13:12","guid":{"rendered":"https:\/\/digier.erasmus.site\/?page_id=614"},"modified":"2023-03-11T12:08:27","modified_gmt":"2023-03-11T12:08:27","slug":"course","status":"publish","type":"page","link":"https:\/\/digier.erasmus.site\/si\/course\/","title":{"rendered":"Digitalni hitri te\u010daj DigiER"},"content":{"rendered":"\t\t<div data-elementor-type=\"wp-page\" data-elementor-id=\"614\" class=\"elementor elementor-614\">\n\t\t\t\t\t\t<section class=\"elementor-section elementor-top-section elementor-element elementor-element-2ffcf5e elementor-section-boxed elementor-section-height-default elementor-section-height-default\" data-id=\"2ffcf5e\" data-element_type=\"section\" data-e-type=\"section\">\n\t\t\t\t\t\t<div class=\"elementor-container elementor-column-gap-default\">\n\t\t\t\t\t<div class=\"elementor-column elementor-col-100 elementor-top-column elementor-element elementor-element-17f4cb2\" data-id=\"17f4cb2\" data-element_type=\"column\" data-e-type=\"column\">\n\t\t\t<div class=\"elementor-widget-wrap elementor-element-populated\">\n\t\t\t\t\t\t<div class=\"elementor-element elementor-element-990080a elementor-widget elementor-widget-heading\" data-id=\"990080a\" data-element_type=\"widget\" data-e-type=\"widget\" data-widget_type=\"heading.default\">\n\t\t\t\t<div class=\"elementor-widget-container\">\n\t\t\t\t\t<h2 class=\"elementor-heading-title elementor-size-default\">Dobrodo\u0161li na digitalnem hitrem te\u010daju DigiER.<\/h2>\t\t\t\t<\/div>\n\t\t\t\t<\/div>\n\t\t\t\t\t<\/div>\n\t\t<\/div>\n\t\t\t\t\t<\/div>\n\t\t<\/section>\n\t\t\t\t<section class=\"elementor-section elementor-top-section elementor-element elementor-element-6fb22f4 elementor-section-boxed elementor-section-height-default elementor-section-height-default\" data-id=\"6fb22f4\" data-element_type=\"section\" data-e-type=\"section\">\n\t\t\t\t\t\t<div class=\"elementor-container elementor-column-gap-default\">\n\t\t\t\t\t<div class=\"elementor-column elementor-col-100 elementor-top-column elementor-element elementor-element-f187ec8\" data-id=\"f187ec8\" data-element_type=\"column\" data-e-type=\"column\">\n\t\t\t<div class=\"elementor-widget-wrap elementor-element-populated\">\n\t\t\t\t\t\t<div class=\"elementor-element elementor-element-817eb89 elementor-widget elementor-widget-text-editor\" data-id=\"817eb89\" data-element_type=\"widget\" data-e-type=\"widget\" data-widget_type=\"text-editor.default\">\n\t\t\t\t<div class=\"elementor-widget-container\">\n\t\t\t\t\t\t\t\t\t<p><\/p><p><\/p><p><\/p><p><\/p><p>To je enostavno spletno usposabljanje, ki se osredoto\u010da na 6 tem, vklju\u010duje dobre prakse iz 5 evropskih dr\u017eav, infografike in kvize.<br \/>Usposabljanje DigiER je sestavljeno iz naslednjih modulov:<\/p><ol><li>Kulturne razlike pri pogajanjih, podpisovanju in spo\u0161tovanju pogodb med dr\u017eavami EU;<\/li><li>Digitalni dav\u010dni sistemi v Evropi;<\/li><li>AR za elektronsko poslovanje;<\/li><li>Avtomatizacija tr\u017eenja v e-trgovini;<\/li><li>U\u010dinkovite brezgotovinske pla\u010dilne metode za poslovanje v evropskih dr\u017eavah;<\/li><li>Nakupovalno vedenje in dru\u017eabno nakupovanje<\/li><\/ol><p><\/p>\t\t\t\t\t\t\t\t<\/div>\n\t\t\t\t<\/div>\n\t\t\t\t\t<\/div>\n\t\t<\/div>\n\t\t\t\t\t<\/div>\n\t\t<\/section>\n\t\t\t\t<section class=\"elementor-section elementor-top-section elementor-element elementor-element-6123900 elementor-section-boxed elementor-section-height-default elementor-section-height-default\" data-id=\"6123900\" data-element_type=\"section\" data-e-type=\"section\">\n\t\t\t\t\t\t<div class=\"elementor-container elementor-column-gap-default\">\n\t\t\t\t\t<div class=\"elementor-column elementor-col-100 elementor-top-column elementor-element elementor-element-eee90c3\" data-id=\"eee90c3\" data-element_type=\"column\" data-e-type=\"column\">\n\t\t\t<div class=\"elementor-widget-wrap elementor-element-populated\">\n\t\t\t\t\t\t<div class=\"elementor-element elementor-element-9620d87 elementor-widget elementor-widget-heading\" data-id=\"9620d87\" data-element_type=\"widget\" data-e-type=\"widget\" data-widget_type=\"heading.default\">\n\t\t\t\t<div class=\"elementor-widget-container\">\n\t\t\t\t\t<h2 class=\"elementor-heading-title elementor-size-default\">Izberite svojo pot!<\/h2>\t\t\t\t<\/div>\n\t\t\t\t<\/div>\n\t\t\t\t\t<\/div>\n\t\t<\/div>\n\t\t\t\t\t<\/div>\n\t\t<\/section>\n\t\t\t\t<section class=\"elementor-section elementor-top-section elementor-element elementor-element-63a3c01 elementor-section-boxed elementor-section-height-default elementor-section-height-default\" data-id=\"63a3c01\" data-element_type=\"section\" data-e-type=\"section\">\n\t\t\t\t\t\t<div class=\"elementor-container elementor-column-gap-default\">\n\t\t\t\t\t<div class=\"elementor-column elementor-col-50 elementor-top-column elementor-element elementor-element-0aa1d26\" data-id=\"0aa1d26\" data-element_type=\"column\" data-e-type=\"column\">\n\t\t\t<div class=\"elementor-widget-wrap elementor-element-populated\">\n\t\t\t\t\t\t<div class=\"elementor-element elementor-element-7fab207 elementor-widget elementor-widget-image\" data-id=\"7fab207\" data-element_type=\"widget\" data-e-type=\"widget\" data-widget_type=\"image.default\">\n\t\t\t\t<div class=\"elementor-widget-container\">\n\t\t\t\t\t\t\t\t\t\t\t\t\t\t\t<img fetchpriority=\"high\" decoding=\"async\" width=\"300\" height=\"300\" src=\"https:\/\/digier.erasmus.site\/wp-content\/uploads\/2023\/01\/topic-300x300.jpg\" class=\"attachment-medium size-medium wp-image-895\" alt=\"\" srcset=\"https:\/\/digier.erasmus.site\/wp-content\/uploads\/2023\/01\/topic-300x300.jpg 300w, https:\/\/digier.erasmus.site\/wp-content\/uploads\/2023\/01\/topic-1024x1024.jpg 1024w, https:\/\/digier.erasmus.site\/wp-content\/uploads\/2023\/01\/topic-150x150.jpg 150w, https:\/\/digier.erasmus.site\/wp-content\/uploads\/2023\/01\/topic-768x768.jpg 768w, https:\/\/digier.erasmus.site\/wp-content\/uploads\/2023\/01\/topic-1536x1536.jpg 1536w, https:\/\/digier.erasmus.site\/wp-content\/uploads\/2023\/01\/topic-24x24.jpg 24w, https:\/\/digier.erasmus.site\/wp-content\/uploads\/2023\/01\/topic-36x36.jpg 36w, https:\/\/digier.erasmus.site\/wp-content\/uploads\/2023\/01\/topic-48x48.jpg 48w, https:\/\/digier.erasmus.site\/wp-content\/uploads\/2023\/01\/topic.jpg 2000w\" sizes=\"(max-width: 300px) 100vw, 300px\" \/>\t\t\t\t\t\t\t\t\t\t\t\t\t\t\t<\/div>\n\t\t\t\t<\/div>\n\t\t\t\t<div class=\"elementor-element elementor-element-109db0e elementor-align-center elementor-widget elementor-widget-button\" data-id=\"109db0e\" data-element_type=\"widget\" data-e-type=\"widget\" data-widget_type=\"button.default\">\n\t\t\t\t<div class=\"elementor-widget-container\">\n\t\t\t\t\t\t\t\t\t<div class=\"elementor-button-wrapper\">\n\t\t\t\t\t<a class=\"elementor-button elementor-button-link elementor-size-lg\" href=\"https:\/\/digier.erasmus.site\/courses\/good-practices-examples-for-implementation-to-digital-crash-course\/lessons\/introduction-8\/\" target=\"_blank\">\n\t\t\t\t\t\t<span class=\"elementor-button-content-wrapper\">\n\t\t\t\t\t\t\t\t\t<span class=\"elementor-button-text\">Pojdite po razdelkih 1-4<\/span>\n\t\t\t\t\t<\/span>\n\t\t\t\t\t<\/a>\n\t\t\t\t<\/div>\n\t\t\t\t\t\t\t\t<\/div>\n\t\t\t\t<\/div>\n\t\t\t\t\t<\/div>\n\t\t<\/div>\n\t\t\t\t<div class=\"elementor-column elementor-col-50 elementor-top-column elementor-element elementor-element-e5d5677\" data-id=\"e5d5677\" data-element_type=\"column\" data-e-type=\"column\">\n\t\t\t<div class=\"elementor-widget-wrap elementor-element-populated\">\n\t\t\t\t\t\t<div class=\"elementor-element elementor-element-23e66e6 elementor-widget elementor-widget-image\" data-id=\"23e66e6\" data-element_type=\"widget\" data-e-type=\"widget\" data-widget_type=\"image.default\">\n\t\t\t\t<div class=\"elementor-widget-container\">\n\t\t\t\t\t\t\t\t\t\t\t\t\t\t\t<img decoding=\"async\" width=\"300\" height=\"300\" src=\"https:\/\/digier.erasmus.site\/wp-content\/uploads\/2023\/01\/m1-300x300.jpg\" class=\"attachment-medium size-medium wp-image-498\" alt=\"\" srcset=\"https:\/\/digier.erasmus.site\/wp-content\/uploads\/2023\/01\/m1-300x300.jpg 300w, https:\/\/digier.erasmus.site\/wp-content\/uploads\/2023\/01\/m1-1024x1024.jpg 1024w, https:\/\/digier.erasmus.site\/wp-content\/uploads\/2023\/01\/m1-150x150.jpg 150w, https:\/\/digier.erasmus.site\/wp-content\/uploads\/2023\/01\/m1-768x768.jpg 768w, https:\/\/digier.erasmus.site\/wp-content\/uploads\/2023\/01\/m1-1536x1536.jpg 1536w, https:\/\/digier.erasmus.site\/wp-content\/uploads\/2023\/01\/m1-24x24.jpg 24w, https:\/\/digier.erasmus.site\/wp-content\/uploads\/2023\/01\/m1-36x36.jpg 36w, https:\/\/digier.erasmus.site\/wp-content\/uploads\/2023\/01\/m1-48x48.jpg 48w, https:\/\/digier.erasmus.site\/wp-content\/uploads\/2023\/01\/m1.jpg 2000w\" sizes=\"(max-width: 300px) 100vw, 300px\" \/>\t\t\t\t\t\t\t\t\t\t\t\t\t\t\t<\/div>\n\t\t\t\t<\/div>\n\t\t\t\t<div class=\"elementor-element elementor-element-d23fb94 elementor-align-center elementor-widget elementor-widget-button\" data-id=\"d23fb94\" data-element_type=\"widget\" data-e-type=\"widget\" data-widget_type=\"button.default\">\n\t\t\t\t<div class=\"elementor-widget-container\">\n\t\t\t\t\t\t\t\t\t<div class=\"elementor-button-wrapper\">\n\t\t\t\t\t<a class=\"elementor-button elementor-button-link elementor-size-lg\" href=\"https:\/\/digier.erasmus.site\/course\/section-2\/\" target=\"_blank\">\n\t\t\t\t\t\t<span class=\"elementor-button-content-wrapper\">\n\t\t\t\t\t\t\t\t\t<span class=\"elementor-button-text\">Pojdite po modulih 1-6<\/span>\n\t\t\t\t\t<\/span>\n\t\t\t\t\t<\/a>\n\t\t\t\t<\/div>\n\t\t\t\t\t\t\t\t<\/div>\n\t\t\t\t<\/div>\n\t\t\t\t\t<\/div>\n\t\t<\/div>\n\t\t\t\t\t<\/div>\n\t\t<\/section>\n\t\t\t\t<section class=\"elementor-section elementor-top-section elementor-element elementor-element-e7bfaa6 elementor-section-boxed elementor-section-height-default elementor-section-height-default\" data-id=\"e7bfaa6\" data-element_type=\"section\" data-e-type=\"section\">\n\t\t\t\t\t\t<div class=\"elementor-container elementor-column-gap-default\">\n\t\t\t\t\t<div class=\"elementor-column elementor-col-100 elementor-top-column elementor-element elementor-element-9031205\" data-id=\"9031205\" data-element_type=\"column\" data-e-type=\"column\">\n\t\t\t<div class=\"elementor-widget-wrap elementor-element-populated\">\n\t\t\t\t\t\t<div class=\"elementor-element elementor-element-d30d0e5 elementor-widget elementor-widget-text-editor\" data-id=\"d30d0e5\" data-element_type=\"widget\" data-e-type=\"widget\" data-widget_type=\"text-editor.default\">\n\t\t\t\t<div class=\"elementor-widget-container\">\n\t\t\t\t\t\t\t\t\t<p><strong>Ste u\u010ditelj, trener ali mentor v poklicnem izobra\u017eevanju in usposabljanju? Prenesite Metodolo\u0161ki vodnik o strategijah digitalnega \u010dezmejnega podjetni\u0161tva v poslovnem okolju in pridobite ve\u010d informacij.<\/strong><\/p>\t\t\t\t\t\t\t\t<\/div>\n\t\t\t\t<\/div>\n\t\t\t\t\t<\/div>\n\t\t<\/div>\n\t\t\t\t\t<\/div>\n\t\t<\/section>\n\t\t\t\t<section class=\"elementor-section elementor-top-section elementor-element elementor-element-5727565 elementor-section-boxed elementor-section-height-default elementor-section-height-default\" data-id=\"5727565\" data-element_type=\"section\" data-e-type=\"section\">\n\t\t\t\t\t\t<div class=\"elementor-container elementor-column-gap-default\">\n\t\t\t\t\t<div class=\"elementor-column elementor-col-100 elementor-top-column elementor-element elementor-element-a1e60bc\" data-id=\"a1e60bc\" data-element_type=\"column\" data-e-type=\"column\">\n\t\t\t<div class=\"elementor-widget-wrap elementor-element-populated\">\n\t\t\t\t\t\t<div class=\"elementor-element elementor-element-af24c3f elementor-align-center elementor-button-info elementor-widget elementor-widget-button\" data-id=\"af24c3f\" data-element_type=\"widget\" data-e-type=\"widget\" data-widget_type=\"button.default\">\n\t\t\t\t<div class=\"elementor-widget-container\">\n\t\t\t\t\t\t\t\t\t<div class=\"elementor-button-wrapper\">\n\t\t\t\t\t<a class=\"elementor-button elementor-button-link elementor-size-lg\" href=\"https:\/\/digier.erasmus.site\/wp-content\/uploads\/2023\/03\/DigiER-IO1-Methodological-Guide-Slovenia.pdf\" download=\"\">\n\t\t\t\t\t\t<span class=\"elementor-button-content-wrapper\">\n\t\t\t\t\t\t<span class=\"elementor-button-icon\">\n\t\t\t\t<i aria-hidden=\"true\" class=\"fas fa-download\"><\/i>\t\t\t<\/span>\n\t\t\t\t\t\t\t\t\t<span class=\"elementor-button-text\">Prenesite vsebino usposabljanja na namizje<\/span>\n\t\t\t\t\t<\/span>\n\t\t\t\t\t<\/a>\n\t\t\t\t<\/div>\n\t\t\t\t\t\t\t\t<\/div>\n\t\t\t\t<\/div>\n\t\t\t\t\t<\/div>\n\t\t<\/div>\n\t\t\t\t\t<\/div>\n\t\t<\/section>\n\t\t\t\t<\/div>\n\t\t","protected":false},"excerpt":{"rendered":"<p>Dobrodo\u0161li na digitalnem hitrem te\u010daju DigiER. To je enostavno spletno usposabljanje, ki se osredoto\u010da na 6 tem, vklju\u010duje dobre prakse&hellip;&nbsp;<a href=\"https:\/\/digier.erasmus.site\/si\/course\/\" rel=\"bookmark\">Preberi ve\u010d &raquo;<span class=\"screen-reader-text\">Digitalni hitri te\u010daj DigiER<\/span><\/a><\/p>\n","protected":false},"author":1,"featured_media":895,"parent":0,"menu_order":0,"comment_status":"closed","ping_status":"closed","template":"page-templates\/template-pagebuilder-full-width.php","meta":{"neve_meta_sidebar":"","neve_meta_container":"","neve_meta_enable_content_width":"off","neve_meta_content_width":100,"neve_meta_title_alignment":"","neve_meta_author_avatar":"","neve_post_elements_order":"","neve_meta_disable_header":"","neve_meta_disable_footer":"","neve_meta_disable_title":"","footnotes":""},"class_list":["post-614","page","type-page","status-publish","has-post-thumbnail","hentry"],"yoast_head":"<!-- This site is optimized with the Yoast SEO plugin v27.4 - https:\/\/yoast.com\/product\/yoast-seo-wordpress\/ -->\n<title>Digitalni hitri te\u010daj DigiER - DigiER Project<\/title>\n<meta name=\"robots\" content=\"index, follow, max-snippet:-1, max-image-preview:large, max-video-preview:-1\" \/>\n<link rel=\"canonical\" href=\"https:\/\/digier.erasmus.site\/si\/course\/\" \/>\n<meta property=\"og:locale\" content=\"sl_SI\" \/>\n<meta property=\"og:type\" content=\"article\" \/>\n<meta property=\"og:title\" content=\"Digitalni hitri te\u010daj DigiER - DigiER Project\" \/>\n<meta property=\"og:description\" content=\"Dobrodo\u0161li na digitalnem hitrem te\u010daju DigiER. To je enostavno spletno usposabljanje, ki se osredoto\u010da na 6 tem, vklju\u010duje dobre prakse&hellip;&nbsp;Preberi ve\u010d &raquo;Digitalni hitri te\u010daj DigiER\" \/>\n<meta property=\"og:url\" content=\"https:\/\/digier.erasmus.site\/si\/course\/\" \/>\n<meta property=\"og:site_name\" content=\"DigiER Project\" \/>\n<meta property=\"article:publisher\" content=\"https:\/\/www.facebook.com\/DigierProject\" \/>\n<meta property=\"article:modified_time\" content=\"2023-03-11T12:08:27+00:00\" \/>\n<meta property=\"og:image\" content=\"https:\/\/digier.erasmus.site\/wp-content\/uploads\/2023\/01\/topic.jpg\" \/>\n\t<meta property=\"og:image:width\" content=\"2000\" \/>\n\t<meta property=\"og:image:height\" content=\"2000\" \/>\n\t<meta property=\"og:image:type\" content=\"image\/jpeg\" \/>\n<meta name=\"twitter:card\" content=\"summary_large_image\" \/>\n<meta name=\"twitter:label1\" content=\"Est. reading time\" \/>\n\t<meta name=\"twitter:data1\" content=\"1 minuta\" \/>\n<script type=\"application\/ld+json\" class=\"yoast-schema-graph\">{\"@context\":\"https:\\\/\\\/schema.org\",\"@graph\":[{\"@type\":\"WebPage\",\"@id\":\"https:\\\/\\\/digier.erasmus.site\\\/si\\\/course\\\/\",\"url\":\"https:\\\/\\\/digier.erasmus.site\\\/si\\\/course\\\/\",\"name\":\"Digitalni hitri te\u010daj DigiER - DigiER Project\",\"isPartOf\":{\"@id\":\"https:\\\/\\\/digier.erasmus.site\\\/si\\\/#website\"},\"primaryImageOfPage\":{\"@id\":\"https:\\\/\\\/digier.erasmus.site\\\/si\\\/course\\\/#primaryimage\"},\"image\":{\"@id\":\"https:\\\/\\\/digier.erasmus.site\\\/course\\\/#primaryimage\"},\"thumbnailUrl\":\"https:\\\/\\\/digier.erasmus.site\\\/wp-content\\\/uploads\\\/2023\\\/01\\\/topic.jpg\",\"datePublished\":\"2023-01-21T15:13:12+00:00\",\"dateModified\":\"2023-03-11T12:08:27+00:00\",\"breadcrumb\":{\"@id\":\"https:\\\/\\\/digier.erasmus.site\\\/si\\\/course\\\/#breadcrumb\"},\"inLanguage\":\"sl-SI\",\"potentialAction\":[{\"@type\":\"ReadAction\",\"target\":[[\"https:\\\/\\\/digier.erasmus.site\\\/si\\\/course\\\/\"]]}]},{\"@type\":\"ImageObject\",\"inLanguage\":\"sl-SI\",\"@id\":\"https:\\\/\\\/digier.erasmus.site\\\/si\\\/course\\\/#primaryimage\",\"url\":\"https:\\\/\\\/digier.erasmus.site\\\/wp-content\\\/uploads\\\/2023\\\/01\\\/topic.jpg\",\"contentUrl\":\"https:\\\/\\\/digier.erasmus.site\\\/wp-content\\\/uploads\\\/2023\\\/01\\\/topic.jpg\",\"width\":2000,\"height\":2000},{\"@type\":\"BreadcrumbList\",\"@id\":\"https:\\\/\\\/digier.erasmus.site\\\/si\\\/course\\\/#breadcrumb\",\"itemListElement\":[{\"@type\":\"ListItem\",\"position\":1,\"name\":\"Home\",\"item\":\"https:\\\/\\\/digier.erasmus.site\\\/si\\\/\"},{\"@type\":\"ListItem\",\"position\":2,\"name\":\"DigiER intensywny kurs cyfrowy\"}]},{\"@type\":\"WebSite\",\"@id\":\"https:\\\/\\\/digier.erasmus.site\\\/si\\\/#website\",\"url\":\"https:\\\/\\\/digier.erasmus.site\\\/si\\\/\",\"name\":\"DigiER Project\",\"description\":\"DigiER - Digital Transborders Entrepreneurship Readiness\",\"publisher\":{\"@id\":\"https:\\\/\\\/digier.erasmus.site\\\/si\\\/#organization\"},\"potentialAction\":[{\"@type\":\"SearchAction\",\"target\":{\"@type\":\"EntryPoint\",\"urlTemplate\":\"https:\\\/\\\/digier.erasmus.site\\\/si\\\/?s={search_term_string}\"},\"query-input\":{\"@type\":\"PropertyValueSpecification\",\"valueRequired\":true,\"valueName\":\"search_term_string\"}}],\"inLanguage\":\"sl-SI\"},{\"@type\":\"Organization\",\"@id\":\"https:\\\/\\\/digier.erasmus.site\\\/si\\\/#organization\",\"name\":\"DigiER - Digital Transborders Entrepreneurship Readiness\",\"url\":\"https:\\\/\\\/digier.erasmus.site\\\/si\\\/\",\"logo\":{\"@type\":\"ImageObject\",\"inLanguage\":\"sl-SI\",\"@id\":\"https:\\\/\\\/digier.erasmus.site\\\/si\\\/#\\\/schema\\\/logo\\\/image\\\/\",\"url\":\"https:\\\/\\\/digier.erasmus.site\\\/wp-content\\\/uploads\\\/2021\\\/11\\\/DigiER-Logo.jpg\",\"contentUrl\":\"https:\\\/\\\/digier.erasmus.site\\\/wp-content\\\/uploads\\\/2021\\\/11\\\/DigiER-Logo.jpg\",\"width\":1123,\"height\":794,\"caption\":\"DigiER - Digital Transborders Entrepreneurship Readiness\"},\"image\":{\"@id\":\"https:\\\/\\\/digier.erasmus.site\\\/si\\\/#\\\/schema\\\/logo\\\/image\\\/\"},\"sameAs\":[\"https:\\\/\\\/www.facebook.com\\\/DigierProject\",\"https:\\\/\\\/www.linkedin.com\\\/company\\\/digier-digital-transborder-entrepreneurship-readiness\\\/\"]}]}<\/script>\n<!-- \/ Yoast SEO plugin. -->","yoast_head_json":{"title":"Digitalni hitri te\u010daj DigiER - DigiER Project","robots":{"index":"index","follow":"follow","max-snippet":"max-snippet:-1","max-image-preview":"max-image-preview:large","max-video-preview":"max-video-preview:-1"},"canonical":"https:\/\/digier.erasmus.site\/si\/course\/","og_locale":"sl_SI","og_type":"article","og_title":"Digitalni hitri te\u010daj DigiER - DigiER Project","og_description":"Dobrodo\u0161li na digitalnem hitrem te\u010daju DigiER. To je enostavno spletno usposabljanje, ki se osredoto\u010da na 6 tem, vklju\u010duje dobre prakse&hellip;&nbsp;Preberi ve\u010d &raquo;Digitalni hitri te\u010daj DigiER","og_url":"https:\/\/digier.erasmus.site\/si\/course\/","og_site_name":"DigiER Project","article_publisher":"https:\/\/www.facebook.com\/DigierProject","article_modified_time":"2023-03-11T12:08:27+00:00","og_image":[{"width":2000,"height":2000,"url":"https:\/\/digier.erasmus.site\/wp-content\/uploads\/2023\/01\/topic.jpg","type":"image\/jpeg"}],"twitter_card":"summary_large_image","twitter_misc":{"Est. reading time":"1 minuta"},"schema":{"@context":"https:\/\/schema.org","@graph":[{"@type":"WebPage","@id":"https:\/\/digier.erasmus.site\/si\/course\/","url":"https:\/\/digier.erasmus.site\/si\/course\/","name":"Digitalni hitri te\u010daj DigiER - DigiER Project","isPartOf":{"@id":"https:\/\/digier.erasmus.site\/si\/#website"},"primaryImageOfPage":{"@id":"https:\/\/digier.erasmus.site\/si\/course\/#primaryimage"},"image":{"@id":"https:\/\/digier.erasmus.site\/course\/#primaryimage"},"thumbnailUrl":"https:\/\/digier.erasmus.site\/wp-content\/uploads\/2023\/01\/topic.jpg","datePublished":"2023-01-21T15:13:12+00:00","dateModified":"2023-03-11T12:08:27+00:00","breadcrumb":{"@id":"https:\/\/digier.erasmus.site\/si\/course\/#breadcrumb"},"inLanguage":"sl-SI","potentialAction":[{"@type":"ReadAction","target":[["https:\/\/digier.erasmus.site\/si\/course\/"]]}]},{"@type":"ImageObject","inLanguage":"sl-SI","@id":"https:\/\/digier.erasmus.site\/si\/course\/#primaryimage","url":"https:\/\/digier.erasmus.site\/wp-content\/uploads\/2023\/01\/topic.jpg","contentUrl":"https:\/\/digier.erasmus.site\/wp-content\/uploads\/2023\/01\/topic.jpg","width":2000,"height":2000},{"@type":"BreadcrumbList","@id":"https:\/\/digier.erasmus.site\/si\/course\/#breadcrumb","itemListElement":[{"@type":"ListItem","position":1,"name":"Home","item":"https:\/\/digier.erasmus.site\/si\/"},{"@type":"ListItem","position":2,"name":"DigiER intensywny kurs cyfrowy"}]},{"@type":"WebSite","@id":"https:\/\/digier.erasmus.site\/si\/#website","url":"https:\/\/digier.erasmus.site\/si\/","name":"DigiER Project","description":"DigiER - Digital Transborders Entrepreneurship Readiness","publisher":{"@id":"https:\/\/digier.erasmus.site\/si\/#organization"},"potentialAction":[{"@type":"SearchAction","target":{"@type":"EntryPoint","urlTemplate":"https:\/\/digier.erasmus.site\/si\/?s={search_term_string}"},"query-input":{"@type":"PropertyValueSpecification","valueRequired":true,"valueName":"search_term_string"}}],"inLanguage":"sl-SI"},{"@type":"Organization","@id":"https:\/\/digier.erasmus.site\/si\/#organization","name":"DigiER - Digital Transborders Entrepreneurship Readiness","url":"https:\/\/digier.erasmus.site\/si\/","logo":{"@type":"ImageObject","inLanguage":"sl-SI","@id":"https:\/\/digier.erasmus.site\/si\/#\/schema\/logo\/image\/","url":"https:\/\/digier.erasmus.site\/wp-content\/uploads\/2021\/11\/DigiER-Logo.jpg","contentUrl":"https:\/\/digier.erasmus.site\/wp-content\/uploads\/2021\/11\/DigiER-Logo.jpg","width":1123,"height":794,"caption":"DigiER - Digital Transborders Entrepreneurship Readiness"},"image":{"@id":"https:\/\/digier.erasmus.site\/si\/#\/schema\/logo\/image\/"},"sameAs":["https:\/\/www.facebook.com\/DigierProject","https:\/\/www.linkedin.com\/company\/digier-digital-transborder-entrepreneurship-readiness\/"]}]}},"_links":{"self":[{"href":"https:\/\/digier.erasmus.site\/si\/wp-json\/wp\/v2\/pages\/614","targetHints":{"allow":["GET"]}}],"collection":[{"href":"https:\/\/digier.erasmus.site\/si\/wp-json\/wp\/v2\/pages"}],"about":[{"href":"https:\/\/digier.erasmus.site\/si\/wp-json\/wp\/v2\/types\/page"}],"author":[{"embeddable":true,"href":"https:\/\/digier.erasmus.site\/si\/wp-json\/wp\/v2\/users\/1"}],"replies":[{"embeddable":true,"href":"https:\/\/digier.erasmus.site\/si\/wp-json\/wp\/v2\/comments?post=614"}],"version-history":[{"count":104,"href":"https:\/\/digier.erasmus.site\/si\/wp-json\/wp\/v2\/pages\/614\/revisions"}],"predecessor-version":[{"id":1572,"href":"https:\/\/digier.erasmus.site\/si\/wp-json\/wp\/v2\/pages\/614\/revisions\/1572"}],"wp:featuredmedia":[{"embeddable":true,"href":"https:\/\/digier.erasmus.site\/si\/wp-json\/wp\/v2\/media\/895"}],"wp:attachment":[{"href":"https:\/\/digier.erasmus.site\/si\/wp-json\/wp\/v2\/media?parent=614"}],"curies":[{"name":"wp","href":"https:\/\/api.w.org\/{rel}","templated":true}]}}