{"id":154,"date":"2021-12-15T09:51:24","date_gmt":"2021-12-15T09:51:24","guid":{"rendered":"https:\/\/digier.erasmus.site\/?page_id=154"},"modified":"2022-06-29T10:31:17","modified_gmt":"2022-06-29T10:31:17","slug":"project-partners","status":"publish","type":"page","link":"https:\/\/digier.erasmus.site\/si\/project-partners\/","title":{"rendered":"Projektni partnerji"},"content":{"rendered":"<p><img fetchpriority=\"high\" decoding=\"async\" class=\"size-medium wp-image-134 aligncenter\" src=\"https:\/\/digier.erasmus.site\/wp-content\/uploads\/2021\/12\/rig-300x300.png\" alt=\"\" width=\"300\" height=\"300\" srcset=\"https:\/\/digier.erasmus.site\/wp-content\/uploads\/2021\/12\/rig.png 300w, https:\/\/digier.erasmus.site\/wp-content\/uploads\/2021\/12\/rig-150x150.png 150w\" sizes=\"(max-width: 300px) 100vw, 300px\" \/><\/p>\n<h3 style=\"text-align: center;\"><strong>Gospodarska zbornica v Katovicah &#8211; koordinator projekta<\/strong><\/h3>\n<p>Gospodarska zbornica v Katovicah je institucija, ki \u017ee ve\u010d kot 30 let podpira mala in srednje velika podjetja v \u0160lezijski regiji na Poljskem. Zdru\u017euje ve\u010d kot 500 podjetij na Poljskem in v preostalem delu Evrope. Na\u0161e poslanstvo je podpora malim in srednjim podjetjem ter sodelovanje z znanstvenimi, poslovnimi, (samo)vladajo\u010dimi in dr\u017eavnimi institucijami pri ustvarjanju podpornega okolja za poslovanje v svetu. Velik pomen dajemo mednarodnemu sodelovanju na\u0161e organizacije, zaradi katerega na\u0161im \u010dlanom omogo\u010damo razvoj na tujih trgih. Smo organizator Evropskega kongresa malih in srednje velikih podjetij &#8211; najve\u010djega dogodka, namenjenega malim in srednje velikim podjetjem v Evropi.<\/p>\n<p><strong>Spletna stran:<\/strong> <a href=\"https:\/\/www.rig.katowice.pl\" target=\"_blank\" rel=\"noopener\">www.rig.katowice.pl<\/a><\/p>\n<hr \/>\n<p style=\"text-align: center;\"><img decoding=\"async\" class=\"size-medium wp-image-135 aligncenter\" src=\"https:\/\/digier.erasmus.site\/wp-content\/uploads\/2021\/12\/kainotomia-300x300.png\" alt=\"\" width=\"300\" height=\"300\" srcset=\"https:\/\/digier.erasmus.site\/wp-content\/uploads\/2021\/12\/kainotomia.png 300w, https:\/\/digier.erasmus.site\/wp-content\/uploads\/2021\/12\/kainotomia-150x150.png 150w\" sizes=\"(max-width: 300px) 100vw, 300px\" \/><\/p>\n<h3 style=\"text-align: center;\"><strong>KAINOTOMIA &amp; SIA EE<br \/>\n<\/strong><\/h3>\n<p>KAINOTOMIA je ustanova za poklicno izobra\u017eevanje in usposabljanje, ki jo je leta 2013 ustanovila skupina ljudi s strokovnim znanjem in vse\u017eivljenjsko predanostjo u\u010denju.<\/p>\n<p>Cilj ustanove KAINOTOMIA je izvajanje programov stalnega poklicnega usposabljanja, namenjenih mladim, brezposelnim osebam, izobra\u017eevalcem vseh stopenj izobra\u017eevanja, \u0161tudentom vi\u0161jih \u0161ol, zaposlenim\/samozaposlenim osebam in ranljivim dru\u017ebenim skupinam (migrantom, beguncem, invalidom), za razvoj poklicnih mo\u017enosti ter njihovo spodbujanje in vklju\u010devanje na trg dela in v dru\u017ebo na splo\u0161no.<\/p>\n<p>KAINOTOMIA zagotavlja poslovno svetovanje podjetjem in podporne storitve ter storitve svetovalne podpore pripravnikom za la\u017eji (ponovni) vstop na trg dela. KAINOTOMIA je sodelovala v ve\u010d nacionalnih projektih, v okviru katerih ponuja visoko stopnjo strokovnega znanja glede usposabljanja na sodobnih podro\u010djih in jih usklajuje s tistimi, po katerih je na trgu dela veliko povpra\u0161evanja, da bi razvila znanje, spretnosti in odnos udele\u017eencev usposabljanja v smeri njihovega vklju\u010devanja na trg dela. KAINOTOMIA sodeluje v sofinanciranih nacionalnih projektih pod imenom &#8220;lokalni razvojni na\u010drti in podjetni\u0161tvo za brezposelne na podlagi specifi\u010dnih lokalnih potreb in potenciala rasti&#8221;.<\/p>\n<p><strong>Spletna stran:<\/strong> <a href=\"https:\/\/kainotomia.com.gr\/en\/european-training-programs\/\" target=\"_blank\" rel=\"noopener\">www.kainotomia.com.gr<\/a><\/p>\n<hr \/>\n<p><img decoding=\"async\" class=\"size-medium wp-image-136 aligncenter\" src=\"https:\/\/digier.erasmus.site\/wp-content\/uploads\/2021\/12\/cwep-300x300.png\" alt=\"\" width=\"300\" height=\"300\" srcset=\"https:\/\/digier.erasmus.site\/wp-content\/uploads\/2021\/12\/cwep.png 300w, https:\/\/digier.erasmus.site\/wp-content\/uploads\/2021\/12\/cwep-150x150.png 150w\" sizes=\"(max-width: 300px) 100vw, 300px\" \/><\/p>\n<h3 style=\"text-align: center;\"><strong>Centrum Wspierania Edukacji i Przedsi\u0119biorczo\u015bci (CWEP)<\/strong><\/h3>\n<p>Zdru\u017eenje deluje od junija 2004 in izvaja dejavnosti, povezane s podporo in promocijo sodobnega izobra\u017eevanja in podjetni\u0161tva, znanstvenim raziskovanjem in svetovanjem, usposabljanjem, zalo\u017eni\u0161tvom, tr\u017eenjem, svetovanjem in ogla\u0161evanjem. CWEP zagotavlja storitve v podporo izobra\u017eevanju z izvajanjem nadnacionalnih izobra\u017eevalnih projektov, namenjenih mladim, in organizacijo usposabljanj. Izvaja tudi svetovalno podporo podjetjem, ki delujejo v regiji, in izvaja investicijske projekte, namenjene izbolj\u0161anju kakovosti podpornih storitev za podjetja. Zdru\u017eenje je dejavno na podro\u010dju znanosti, kar se ka\u017ee v zavezanosti raziskovalnim projektom in izvajanju lastnih analiz dru\u017ebe.<\/p>\n<p>CWEP sodeluje s \u0161tevilnimi partnerji iz Evrope (vklju\u010dno z Avstrijo, Nem\u010dijo, Nizozemsko, Romunijo, Slovenijo, Zdru\u017eenim kraljestvom in Italijo), ki skupaj izvajajo projekte, namenjene mladim, u\u010dencem in podjetnikom.<\/p>\n<p><strong>Spletna stran:<\/strong> <a href=\"https:\/\/www.cwep.eu\" target=\"_blank\" rel=\"noopener\">www.cwep.eu<\/a><\/p>\n<hr \/>\n<p><img loading=\"lazy\" decoding=\"async\" class=\"size-medium wp-image-140 aligncenter\" src=\"https:\/\/digier.erasmus.site\/wp-content\/uploads\/2021\/12\/civic-300x300.png\" alt=\"\" width=\"300\" height=\"300\" srcset=\"https:\/\/digier.erasmus.site\/wp-content\/uploads\/2021\/12\/civic.png 300w, https:\/\/digier.erasmus.site\/wp-content\/uploads\/2021\/12\/civic-150x150.png 150w\" sizes=\"(max-width: 300px) 100vw, 300px\" \/><\/p>\n<h3 style=\"text-align: center;\"><strong>CIVIC <\/strong><\/h3>\n<p>CIVIC je ve\u010dkrat nagrajeni ponudnik digitalnih re\u0161itev s skoraj dvema desetletjema vodilnih izku\u0161enj v panogi. Podjetjem pomagamo uspeti z u\u010dinkovito in uporabno tehnologijo, saj zdru\u017eujemo svoje strokovno znanje na podro\u010dju oblikovanja uporabni\u0161ke izku\u0161nje, razvoja in gostovanja ter tako zagotavljamo digitalne re\u0161itve, ki delujejo.<\/p>\n<p>Na\u0161 ugled temelji na storitvah za stranke, inovacijah, razmerju med ceno in kakovostjo ter vodilnem strokovnem znanju na trgu. \u0160e naprej sodelujemo pri odmevnih, ustvarjalnih in tehni\u010dno zapletenih projektih ter na\u0161im strankam pomagamo izbolj\u0161ati storitve, ki jih zagotavljajo svojim uporabnikom.<\/p>\n<p><strong>Spletna stran:<\/strong> <a href=\"http:\/\/civicuk.com\/\" target=\"_blank\" rel=\"noopener\">www.civicuk.com<\/a><\/p>\n<hr \/>\n<p><img loading=\"lazy\" decoding=\"async\" class=\"size-medium wp-image-142 aligncenter\" src=\"https:\/\/digier.erasmus.site\/wp-content\/uploads\/2021\/12\/gzs-300x300.png\" alt=\"\" width=\"300\" height=\"300\" srcset=\"https:\/\/digier.erasmus.site\/wp-content\/uploads\/2021\/12\/gzs.png 300w, https:\/\/digier.erasmus.site\/wp-content\/uploads\/2021\/12\/gzs-150x150.png 150w\" sizes=\"(max-width: 300px) 100vw, 300px\" \/><\/p>\n<h3 style=\"text-align: center;\"><strong>CHAMBER OF COMMERCE AND INDUSTRY OF SLOVENIA (CCIS\/GZS)<\/strong><\/h3>\n<p>Gospodarska zbornica Slovenije (GZS) je najve\u010dje neodvisno, prostovoljno in neprofitno zdru\u017eenje podjetij v Sloveniji. Ustanovljena je bila leta 1851 in se danes pona\u0161a z ve\u010d kot 5.200 \u010dlanskimi podjetji vseh oblik, velikosti, panog in regionalnih okolij. Podjetja, ki so na\u0161i \u010dlani, prispevajo pribli\u017eno 50 % bruto dodane vrednosti slovenskega gospodarstva in ustvarijo 2\/3 prodaje na tujih trgih. Poslovanje v Sloveniji se za\u010dne tukaj! Kaj lahko storimo za vas? GZS je idealen lokalni partner za tuje investitorje in poslovne strokovnjake. Podpre in olaj\u0161a vam vstop na slovenski trg. Pomaga vam lahko pri iskanju novih kontaktov in vam nudi \u0161tevilne koristne poslovne informacije. \u010ce vas zanima poslovanje v Sloveniji, vam GZS ponuja storitve, razvite posebej za va\u0161e potrebe.<\/p>\n<p>GZS je \u010dlan \u0161tevilnih vladnih organov, odborov in komisij, ki jih podpira z znanjem in izku\u0161njami. GZS je socialni partner v Sloveniji in s tem \u010dlanica Ekonomsko-socialnega sveta Slovenije. Strate\u0161ka usmeritev GZS je sodelovanje in vklju\u010devanje v vse procese oblikovanja gospodarskega in poslovnega okolja ter ekonomskih politik, vklju\u010dno z vsemi prizadevanji za izbolj\u0161anje gospodarskega, dru\u017ebenega in okoljskega razvoja Slovenije. GZS tvori eno pravno osebo s 26 pano\u017enimi zdru\u017eenji. Zdru\u017euje 13 regionalnih pisarn v Sloveniji, ki pokrivajo vse regije v Sloveniji.<\/p>\n<p><strong>Spletna stran:<\/strong> <a href=\"https:\/\/eng.gzs.si\/\">www.eng.gzs.si<\/a><\/p>\n<hr \/>\n<p><img loading=\"lazy\" decoding=\"async\" class=\"wp-image-172 size-medium aligncenter\" src=\"https:\/\/digier.erasmus.site\/wp-content\/uploads\/2021\/12\/camera-300x300.png\" alt=\"\" width=\"300\" height=\"300\" srcset=\"https:\/\/digier.erasmus.site\/wp-content\/uploads\/2021\/12\/camera.png 300w, https:\/\/digier.erasmus.site\/wp-content\/uploads\/2021\/12\/camera-150x150.png 150w\" sizes=\"(max-width: 300px) 100vw, 300px\" \/><\/p>\n<h3 style=\"text-align: center;\"><strong>Chamber of Commerce and Industry of Bistrita Nasaud ( CCI BN)<\/strong><\/h3>\n<p>Gospodarska zbornica Bistrita Nasaud (CCI BN) je neodvisno, prostovoljno in neprofitno zdru\u017eenje podjetij v okro\u017eju Bistrita Nasaud. Ustanovljena je bila septembra 1990 in danes \u0161teje ve\u010d kot 280 \u010dlanskih podjetij vseh oblik, velikosti in panog. Podjetja, ki so na\u0161i \u010dlani, prispevajo pribli\u017eno 80 % bruto dodane vrednosti bistritanskega gospodarstva in ustvarijo 2\/3 prodaje na tujih trgih. CCIBN je idealen lokalni partner za tuje vlagatelje in poslovne strokovnjake, ki se zanimajo za severozahodno regijo.<\/p>\n<p>V 31 letih svojega delovanja je zbornica utrdila svoj polo\u017eaj v gospodarski krajini okro\u017eja kot koristna in potrebna institucija tr\u017enemu gospodarstvu, ki dejavno izra\u017ea svojo vlogo vodilnega akterja pri pribli\u017eevanju prelomnemu obdobju za pove\u010danje lokalne odpornosti.<\/p>\n<p>Za spopadanje z digitalno preobrazbo in kro\u017enim gospodarstvom je CCIBN postala ustanoviteljica Digital Innovation Hub for Society in \u010dlanica grozda CLEMS, ki razvija posebne ukrepe za lokalno poslovno skupnost.<\/p>\n<p>Sede\u017e CCIBN ima prostore za ve\u010d kot 100 udele\u017eencev z ve\u010dnamensko konferen\u010dno dvorano, sejnimi sobami ter pisarnami za vse oddelke in 18 zaposlenih.<\/p>\n<p>CCIS sodeluje v \u0161tevilnih projektih na nacionalni, \u010dezmejni, nadnacionalni ravni in ravni EU. V zadnjih treh letih je CCIBN sodeloval (vodil) v ve\u010d kot \u0161tirih projektih v okviru strukturnih instrumentov, Erasmus+, Interreg.<\/p>\n<p><strong>Spletna stran:<\/strong> <a href=\"http:\/\/www.cciabn.ro\/webb\/\" target=\"_blank\" rel=\"noopener\">www.cciabn.ro<\/a><\/p>\n","protected":false},"excerpt":{"rendered":"<p>Gospodarska zbornica v Katovicah &#8211; koordinator projekta Gospodarska zbornica v Katovicah je institucija, ki \u017ee ve\u010d kot 30 let podpira&hellip;&nbsp;<a href=\"https:\/\/digier.erasmus.site\/si\/project-partners\/\" rel=\"bookmark\">Preberi ve\u010d &raquo;<span class=\"screen-reader-text\">Projektni partnerji<\/span><\/a><\/p>\n","protected":false},"author":1,"featured_media":0,"parent":0,"menu_order":0,"comment_status":"closed","ping_status":"closed","template":"","meta":{"neve_meta_sidebar":"","neve_meta_container":"","neve_meta_enable_content_width":"off","neve_meta_content_width":100,"neve_meta_title_alignment":"","neve_meta_author_avatar":"","neve_post_elements_order":"","neve_meta_disable_header":"","neve_meta_disable_footer":"","neve_meta_disable_title":"","footnotes":""},"class_list":["post-154","page","type-page","status-publish","hentry"],"yoast_head":"<!-- This site is optimized with the Yoast SEO plugin v27.3 - https:\/\/yoast.com\/product\/yoast-seo-wordpress\/ -->\n<title>Projektni partnerji - DigiER Project<\/title>\n<meta name=\"robots\" content=\"index, follow, max-snippet:-1, max-image-preview:large, max-video-preview:-1\" \/>\n<link rel=\"canonical\" href=\"https:\/\/digier.erasmus.site\/si\/project-partners\/\" \/>\n<meta property=\"og:locale\" content=\"sl_SI\" \/>\n<meta property=\"og:type\" content=\"article\" \/>\n<meta property=\"og:title\" content=\"Projektni partnerji - DigiER Project\" \/>\n<meta property=\"og:description\" content=\"Gospodarska zbornica v Katovicah &#8211; koordinator projekta Gospodarska zbornica v Katovicah je institucija, ki \u017ee ve\u010d kot 30 let podpira&hellip;&nbsp;Preberi ve\u010d &raquo;Projektni partnerji\" \/>\n<meta property=\"og:url\" content=\"https:\/\/digier.erasmus.site\/si\/project-partners\/\" \/>\n<meta property=\"og:site_name\" content=\"DigiER Project\" \/>\n<meta property=\"article:publisher\" content=\"https:\/\/www.facebook.com\/DigierProject\" \/>\n<meta property=\"article:modified_time\" content=\"2022-06-29T10:31:17+00:00\" \/>\n<meta property=\"og:image\" content=\"https:\/\/digier.erasmus.site\/wp-content\/uploads\/2021\/12\/rig-300x300.png\" \/>\n<meta name=\"twitter:card\" content=\"summary_large_image\" \/>\n<meta name=\"twitter:label1\" content=\"Est. reading time\" \/>\n\t<meta name=\"twitter:data1\" content=\"6 minut\" \/>\n<script type=\"application\/ld+json\" class=\"yoast-schema-graph\">{\"@context\":\"https:\\\/\\\/schema.org\",\"@graph\":[{\"@type\":\"WebPage\",\"@id\":\"https:\\\/\\\/digier.erasmus.site\\\/si\\\/project-partners\\\/\",\"url\":\"https:\\\/\\\/digier.erasmus.site\\\/si\\\/project-partners\\\/\",\"name\":\"Projektni partnerji - DigiER Project\",\"isPartOf\":{\"@id\":\"https:\\\/\\\/digier.erasmus.site\\\/si\\\/#website\"},\"primaryImageOfPage\":{\"@id\":\"https:\\\/\\\/digier.erasmus.site\\\/si\\\/project-partners\\\/#primaryimage\"},\"image\":{\"@id\":\"https:\\\/\\\/digier.erasmus.site\\\/project-partners\\\/#primaryimage\"},\"thumbnailUrl\":\"https:\\\/\\\/digier.erasmus.site\\\/wp-content\\\/uploads\\\/2021\\\/12\\\/rig-300x300.png\",\"datePublished\":\"2021-12-15T09:51:24+00:00\",\"dateModified\":\"2022-06-29T10:31:17+00:00\",\"breadcrumb\":{\"@id\":\"https:\\\/\\\/digier.erasmus.site\\\/si\\\/project-partners\\\/#breadcrumb\"},\"inLanguage\":\"sl-SI\",\"potentialAction\":[{\"@type\":\"ReadAction\",\"target\":[[\"https:\\\/\\\/digier.erasmus.site\\\/si\\\/project-partners\\\/\"]]}]},{\"@type\":\"ImageObject\",\"inLanguage\":\"sl-SI\",\"@id\":\"https:\\\/\\\/digier.erasmus.site\\\/si\\\/project-partners\\\/#primaryimage\",\"url\":\"https:\\\/\\\/digier.erasmus.site\\\/wp-content\\\/uploads\\\/2021\\\/12\\\/rig-300x300.png\",\"contentUrl\":\"https:\\\/\\\/digier.erasmus.site\\\/wp-content\\\/uploads\\\/2021\\\/12\\\/rig-300x300.png\"},{\"@type\":\"BreadcrumbList\",\"@id\":\"https:\\\/\\\/digier.erasmus.site\\\/si\\\/project-partners\\\/#breadcrumb\",\"itemListElement\":[{\"@type\":\"ListItem\",\"position\":1,\"name\":\"Home\",\"item\":\"https:\\\/\\\/digier.erasmus.site\\\/si\\\/\"},{\"@type\":\"ListItem\",\"position\":2,\"name\":\"Project Partners\"}]},{\"@type\":\"WebSite\",\"@id\":\"https:\\\/\\\/digier.erasmus.site\\\/si\\\/#website\",\"url\":\"https:\\\/\\\/digier.erasmus.site\\\/si\\\/\",\"name\":\"DigiER Project\",\"description\":\"DigiER - Digital Transborders Entrepreneurship Readiness\",\"publisher\":{\"@id\":\"https:\\\/\\\/digier.erasmus.site\\\/si\\\/#organization\"},\"potentialAction\":[{\"@type\":\"SearchAction\",\"target\":{\"@type\":\"EntryPoint\",\"urlTemplate\":\"https:\\\/\\\/digier.erasmus.site\\\/si\\\/?s={search_term_string}\"},\"query-input\":{\"@type\":\"PropertyValueSpecification\",\"valueRequired\":true,\"valueName\":\"search_term_string\"}}],\"inLanguage\":\"sl-SI\"},{\"@type\":\"Organization\",\"@id\":\"https:\\\/\\\/digier.erasmus.site\\\/si\\\/#organization\",\"name\":\"DigiER - Digital Transborders Entrepreneurship Readiness\",\"url\":\"https:\\\/\\\/digier.erasmus.site\\\/si\\\/\",\"logo\":{\"@type\":\"ImageObject\",\"inLanguage\":\"sl-SI\",\"@id\":\"https:\\\/\\\/digier.erasmus.site\\\/si\\\/#\\\/schema\\\/logo\\\/image\\\/\",\"url\":\"https:\\\/\\\/digier.erasmus.site\\\/wp-content\\\/uploads\\\/2021\\\/11\\\/DigiER-Logo.jpg\",\"contentUrl\":\"https:\\\/\\\/digier.erasmus.site\\\/wp-content\\\/uploads\\\/2021\\\/11\\\/DigiER-Logo.jpg\",\"width\":1123,\"height\":794,\"caption\":\"DigiER - Digital Transborders Entrepreneurship Readiness\"},\"image\":{\"@id\":\"https:\\\/\\\/digier.erasmus.site\\\/si\\\/#\\\/schema\\\/logo\\\/image\\\/\"},\"sameAs\":[\"https:\\\/\\\/www.facebook.com\\\/DigierProject\",\"https:\\\/\\\/www.linkedin.com\\\/company\\\/digier-digital-transborder-entrepreneurship-readiness\\\/\"]}]}<\/script>\n<!-- \/ Yoast SEO plugin. -->","yoast_head_json":{"title":"Projektni partnerji - DigiER Project","robots":{"index":"index","follow":"follow","max-snippet":"max-snippet:-1","max-image-preview":"max-image-preview:large","max-video-preview":"max-video-preview:-1"},"canonical":"https:\/\/digier.erasmus.site\/si\/project-partners\/","og_locale":"sl_SI","og_type":"article","og_title":"Projektni partnerji - DigiER Project","og_description":"Gospodarska zbornica v Katovicah &#8211; koordinator projekta Gospodarska zbornica v Katovicah je institucija, ki \u017ee ve\u010d kot 30 let podpira&hellip;&nbsp;Preberi ve\u010d &raquo;Projektni partnerji","og_url":"https:\/\/digier.erasmus.site\/si\/project-partners\/","og_site_name":"DigiER Project","article_publisher":"https:\/\/www.facebook.com\/DigierProject","article_modified_time":"2022-06-29T10:31:17+00:00","og_image":[{"url":"https:\/\/digier.erasmus.site\/wp-content\/uploads\/2021\/12\/rig-300x300.png","type":"","width":"","height":""}],"twitter_card":"summary_large_image","twitter_misc":{"Est. reading time":"6 minut"},"schema":{"@context":"https:\/\/schema.org","@graph":[{"@type":"WebPage","@id":"https:\/\/digier.erasmus.site\/si\/project-partners\/","url":"https:\/\/digier.erasmus.site\/si\/project-partners\/","name":"Projektni partnerji - DigiER Project","isPartOf":{"@id":"https:\/\/digier.erasmus.site\/si\/#website"},"primaryImageOfPage":{"@id":"https:\/\/digier.erasmus.site\/si\/project-partners\/#primaryimage"},"image":{"@id":"https:\/\/digier.erasmus.site\/project-partners\/#primaryimage"},"thumbnailUrl":"https:\/\/digier.erasmus.site\/wp-content\/uploads\/2021\/12\/rig-300x300.png","datePublished":"2021-12-15T09:51:24+00:00","dateModified":"2022-06-29T10:31:17+00:00","breadcrumb":{"@id":"https:\/\/digier.erasmus.site\/si\/project-partners\/#breadcrumb"},"inLanguage":"sl-SI","potentialAction":[{"@type":"ReadAction","target":[["https:\/\/digier.erasmus.site\/si\/project-partners\/"]]}]},{"@type":"ImageObject","inLanguage":"sl-SI","@id":"https:\/\/digier.erasmus.site\/si\/project-partners\/#primaryimage","url":"https:\/\/digier.erasmus.site\/wp-content\/uploads\/2021\/12\/rig-300x300.png","contentUrl":"https:\/\/digier.erasmus.site\/wp-content\/uploads\/2021\/12\/rig-300x300.png"},{"@type":"BreadcrumbList","@id":"https:\/\/digier.erasmus.site\/si\/project-partners\/#breadcrumb","itemListElement":[{"@type":"ListItem","position":1,"name":"Home","item":"https:\/\/digier.erasmus.site\/si\/"},{"@type":"ListItem","position":2,"name":"Project Partners"}]},{"@type":"WebSite","@id":"https:\/\/digier.erasmus.site\/si\/#website","url":"https:\/\/digier.erasmus.site\/si\/","name":"DigiER Project","description":"DigiER - Digital Transborders Entrepreneurship Readiness","publisher":{"@id":"https:\/\/digier.erasmus.site\/si\/#organization"},"potentialAction":[{"@type":"SearchAction","target":{"@type":"EntryPoint","urlTemplate":"https:\/\/digier.erasmus.site\/si\/?s={search_term_string}"},"query-input":{"@type":"PropertyValueSpecification","valueRequired":true,"valueName":"search_term_string"}}],"inLanguage":"sl-SI"},{"@type":"Organization","@id":"https:\/\/digier.erasmus.site\/si\/#organization","name":"DigiER - Digital Transborders Entrepreneurship Readiness","url":"https:\/\/digier.erasmus.site\/si\/","logo":{"@type":"ImageObject","inLanguage":"sl-SI","@id":"https:\/\/digier.erasmus.site\/si\/#\/schema\/logo\/image\/","url":"https:\/\/digier.erasmus.site\/wp-content\/uploads\/2021\/11\/DigiER-Logo.jpg","contentUrl":"https:\/\/digier.erasmus.site\/wp-content\/uploads\/2021\/11\/DigiER-Logo.jpg","width":1123,"height":794,"caption":"DigiER - Digital Transborders Entrepreneurship Readiness"},"image":{"@id":"https:\/\/digier.erasmus.site\/si\/#\/schema\/logo\/image\/"},"sameAs":["https:\/\/www.facebook.com\/DigierProject","https:\/\/www.linkedin.com\/company\/digier-digital-transborder-entrepreneurship-readiness\/"]}]}},"_links":{"self":[{"href":"https:\/\/digier.erasmus.site\/si\/wp-json\/wp\/v2\/pages\/154","targetHints":{"allow":["GET"]}}],"collection":[{"href":"https:\/\/digier.erasmus.site\/si\/wp-json\/wp\/v2\/pages"}],"about":[{"href":"https:\/\/digier.erasmus.site\/si\/wp-json\/wp\/v2\/types\/page"}],"author":[{"embeddable":true,"href":"https:\/\/digier.erasmus.site\/si\/wp-json\/wp\/v2\/users\/1"}],"replies":[{"embeddable":true,"href":"https:\/\/digier.erasmus.site\/si\/wp-json\/wp\/v2\/comments?post=154"}],"version-history":[{"count":16,"href":"https:\/\/digier.erasmus.site\/si\/wp-json\/wp\/v2\/pages\/154\/revisions"}],"predecessor-version":[{"id":446,"href":"https:\/\/digier.erasmus.site\/si\/wp-json\/wp\/v2\/pages\/154\/revisions\/446"}],"wp:attachment":[{"href":"https:\/\/digier.erasmus.site\/si\/wp-json\/wp\/v2\/media?parent=154"}],"curies":[{"name":"wp","href":"https:\/\/api.w.org\/{rel}","templated":true}]}}