{"id":154,"date":"2021-12-15T09:51:24","date_gmt":"2021-12-15T09:51:24","guid":{"rendered":"https:\/\/digier.erasmus.site\/?page_id=154"},"modified":"2022-06-29T10:31:17","modified_gmt":"2022-06-29T10:31:17","slug":"project-partners","status":"publish","type":"page","link":"https:\/\/digier.erasmus.site\/ro\/project-partners\/","title":{"rendered":"PARTENERII PROIECTULUI"},"content":{"rendered":"<p><img fetchpriority=\"high\" decoding=\"async\" class=\"size-medium wp-image-134 aligncenter\" src=\"https:\/\/digier.erasmus.site\/wp-content\/uploads\/2021\/12\/rig-300x300.png\" alt=\"\" width=\"300\" height=\"300\" srcset=\"https:\/\/digier.erasmus.site\/wp-content\/uploads\/2021\/12\/rig.png 300w, https:\/\/digier.erasmus.site\/wp-content\/uploads\/2021\/12\/rig-150x150.png 150w\" sizes=\"(max-width: 300px) 100vw, 300px\" \/><\/p>\n<h3 style=\"text-align: center;\"><strong>Camera de Comer\u021b \u0219i Industrie din Katowice \u2013 Coordonator de proiect<\/strong><\/h3>\n<p>Camera de Comer\u021b \u0219i Industrie din Katowice este o institu\u021bie care sprijin\u0103 companiile mici \u0219i mijlocii din regiunea\u00a0 Polonez\u0103 &#8211; Silezia de mai bine de 30 de ani. Cumuleaz\u0103\u00a0 peste 500 de companii situate \u00een Polonia \u0219i \u00een restul Europei. Misiunea noastr\u0103 este s\u0103 sprijinim IMM-urile \u0219i s\u0103 cooper\u0103m cu institu\u021biile \u0219tiin\u021bifice, de afaceri, (auto)guvernamentale \u0219i guvernamentale pentru a crea mediul de sprijin pentru afaceri \u00een lume, acord\u0103m o mare importan\u021b\u0103 cooper\u0103rii interna\u021bionale a organiza\u021biei noastre, datorit\u0103 c\u0103reia ne permite s\u0103 ne sus\u021binem membrii s\u0103 se dezvolte pe pie\u0163ele externe. Suntem organizatorul Congresului European al \u00centreprinderilor Mici \u0219i Mijlocii \u2013 cel mai mare eveniment dedicat IMM-urilor din Europa.<\/p>\n<p><strong>Site web:<\/strong> <a href=\"https:\/\/www.rig.katowice.pl\" target=\"_blank\" rel=\"noopener\">www.rig.katowice.pl<\/a><\/p>\n<hr \/>\n<p style=\"text-align: center;\"><img decoding=\"async\" class=\"size-medium wp-image-135 aligncenter\" src=\"https:\/\/digier.erasmus.site\/wp-content\/uploads\/2021\/12\/kainotomia-300x300.png\" alt=\"\" width=\"300\" height=\"300\" srcset=\"https:\/\/digier.erasmus.site\/wp-content\/uploads\/2021\/12\/kainotomia.png 300w, https:\/\/digier.erasmus.site\/wp-content\/uploads\/2021\/12\/kainotomia-150x150.png 150w\" sizes=\"(max-width: 300px) 100vw, 300px\" \/><\/p>\n<h3 style=\"text-align: center;\"><strong>KAINOTOMIA &amp; SIA EE<br \/>\n<\/strong><\/h3>\n<p>KAINOTOMIA este o institu\u021bie de educa\u021bie \u0219i formare profesional\u0103 care a fost fondat\u0103 \u00een 2013 de un grup de oameni cu experien\u021b\u0103 \u0219i cu un angajament pe tot parcursul vie\u021bii fa\u021b\u0103 de subiectul \u00eenv\u0103\u021b\u0103rii.<\/p>\n<p>Scopul KAINOTOMIA este implementarea unor programe de formare profesional\u0103 continu\u0103 care vizeaz\u0103 tineri, \u0219omeri, educatori de toate nivelurile de educa\u021bie, studen\u021bi din \u00eenv\u0103\u021b\u0103m\u00e2ntul superior, angaja\u021bi\/independen\u021bi \u0219i grupuri sociale vulnerabile (migran\u021bi, refugia\u021bi, persoane cu dizabilit\u0103\u021bi) , pentru dezvoltarea oportunit\u0103\u021bilor profesionale \u0219i promovarea \u0219i integrarea acestora pe pia\u021ba muncii \u0219i \u00een societate \u00een general.<\/p>\n<p>KAINOTOMIA ofer\u0103 consultan\u021b\u0103 de afaceri companiilor \u0219i servicii de asisten\u021b\u0103 \u0219i servicii de consultan\u021b\u0103 stagiarilor pentru a facilita (re)intrarea acestora pe pia\u021ba muncii. KAINOTOMIA a participat la mai multe proiecte na\u021bionale, oferind un grad \u00eenalt de expertiz\u0103 \u00een ceea ce prive\u0219te formarea \u00een domenii actuale, potrivindu-le cu cele care au o mare cerere pe pia\u021ba muncii, pentru a dezvolta cuno\u0219tin\u021bele, abilit\u0103\u021bile \u0219i atitudinile stagiarilor fa\u021b\u0103 de integrarea lor \u00een pia\u021ba muncii.\u00a0 KAINOTOMIA a participat la proiecte na\u021bionale cofinan\u021bate sub denumirea de \u201eplanuri de dezvoltare local\u0103 \u0219i antreprenoriat pentru \u0219omeri pe baza nevoilor locale specifice \u0219i a poten\u021bialului de cre\u0219tere\u201d.<\/p>\n<p><strong>Site web:<\/strong> <a href=\"https:\/\/kainotomia.com.gr\/en\/european-training-programs\/\" target=\"_blank\" rel=\"noopener\">www.kainotomia.com.gr<\/a><\/p>\n<hr \/>\n<p><img decoding=\"async\" class=\"size-medium wp-image-136 aligncenter\" src=\"https:\/\/digier.erasmus.site\/wp-content\/uploads\/2021\/12\/cwep-300x300.png\" alt=\"\" width=\"300\" height=\"300\" srcset=\"https:\/\/digier.erasmus.site\/wp-content\/uploads\/2021\/12\/cwep.png 300w, https:\/\/digier.erasmus.site\/wp-content\/uploads\/2021\/12\/cwep-150x150.png 150w\" sizes=\"(max-width: 300px) 100vw, 300px\" \/><\/p>\n<h3 style=\"text-align: center;\"><strong>Centrum Wspierania Edukacji i Przedsi\u0119biorczo\u015bci (CWEP)<\/strong><\/h3>\n<p>Asocia\u021bia func\u021bioneaz\u0103 din iunie 2004 desf\u0103\u0219ur\u00e2nd activit\u0103\u021bi legate de sus\u021binerea \u0219i promovarea educa\u021biei moderne \u0219i antreprenoriatului, cercetare \u0219i consultan\u021b\u0103 \u0219tiin\u021bific\u0103, desf\u0103\u0219urarea activit\u0103\u021bilor de formare, editare, marketing, consultan\u021b\u0103 \u0219i publicitate. CWEP ofer\u0103 servicii de sprijinire a educa\u021biei prin implementarea de proiecte educa\u021bionale transna\u021bionale destinate tinerilor \u0219i organizarea de formare. De asemenea, deruleaz\u0103 un suport de consultan\u021b\u0103 pentru companiile care opereaz\u0103 \u00een regiune \u0219i implementeaz\u0103 proiecte de investi\u021bii care vizeaz\u0103 \u00eembun\u0103t\u0103\u021birea calit\u0103\u021bii serviciilor de suport pentru afaceri. Asocia\u021bia este activ\u0103 \u00een domeniul \u0219tiin\u021bei, exprimat\u0103 prin angajamentul fa\u021b\u0103 de proiecte de cercetare \u0219i desf\u0103\u0219urarea propriei analize a societ\u0103\u021bii.<\/p>\n<p>CWEP coopereaz\u0103 cu mul\u021bi parteneri din Europa (inclusiv Austria, Germania, \u021a\u0103rile de Jos, Rom\u00e2nia, Slovenia, Regatul Unit, Italia) implement\u00e2nd \u00een comun proiecte destinate tinerilor, cursan\u021bilor \u0219i antreprenorilor.<\/p>\n<p><strong>Site web:<\/strong> <a href=\"https:\/\/www.cwep.eu\" target=\"_blank\" rel=\"noopener\">www.cwep.eu<\/a><\/p>\n<hr \/>\n<p><img loading=\"lazy\" decoding=\"async\" class=\"size-medium wp-image-140 aligncenter\" src=\"https:\/\/digier.erasmus.site\/wp-content\/uploads\/2021\/12\/civic-300x300.png\" alt=\"\" width=\"300\" height=\"300\" srcset=\"https:\/\/digier.erasmus.site\/wp-content\/uploads\/2021\/12\/civic.png 300w, https:\/\/digier.erasmus.site\/wp-content\/uploads\/2021\/12\/civic-150x150.png 150w\" sizes=\"(max-width: 300px) 100vw, 300px\" \/><\/p>\n<h3 style=\"text-align: center;\"><strong>CIVIC <\/strong><\/h3>\n<p>CIVIC este un furnizor de solu\u021bii digitale premiat, cu aproape dou\u0103 decenii de experien\u021b\u0103 de lider \u00een industrie. Ajut\u0103m companiile s\u0103 reu\u0219easc\u0103 prin tehnologie eficient\u0103 \u0219i utilizabil\u0103, combin\u00e2nd experien\u021ba noastr\u0103 \u00een proiectarea, dezvoltarea \u0219i g\u0103zduirea experien\u021bei utilizatorului pentru a oferi solu\u021bii digitale care func\u021bioneaz\u0103. Reputa\u021bia noastr\u0103 se bazeaz\u0103 pe serviciul pentru clien\u021bi, inova\u021bie, raport calitate-pre\u021b \u0219i expertiz\u0103 lider pe pia\u021b\u0103. Continu\u0103m s\u0103 lucr\u0103m la proiecte complexe, creative, complexe din punct de vedere tehnic \u0219i s\u0103 ne ajut\u0103m clien\u021bii s\u0103 \u00eembun\u0103t\u0103\u021beasc\u0103 serviciile oferite utilizatorilor lor.<\/p>\n<p><strong>Site web:<\/strong> <a href=\"http:\/\/civicuk.com\/\" target=\"_blank\" rel=\"noopener\">www.civicuk.com<\/a><\/p>\n<hr \/>\n<p><img loading=\"lazy\" decoding=\"async\" class=\"size-medium wp-image-142 aligncenter\" src=\"https:\/\/digier.erasmus.site\/wp-content\/uploads\/2021\/12\/gzs-300x300.png\" alt=\"\" width=\"300\" height=\"300\" srcset=\"https:\/\/digier.erasmus.site\/wp-content\/uploads\/2021\/12\/gzs.png 300w, https:\/\/digier.erasmus.site\/wp-content\/uploads\/2021\/12\/gzs-150x150.png 150w\" sizes=\"(max-width: 300px) 100vw, 300px\" \/><\/p>\n<h3 style=\"text-align: center;\"><strong>CAMERA DE COMER\u021a \u0218I INDUSTRIE A SLOVENIEI (CCIS\/GZS)<\/strong><\/h3>\n<p>Camera de Comer\u021b \u0219i Industrie a Sloveniei (CCIS) este cea mai mare asocia\u021bie independent\u0103, voluntar\u0103 \u0219i non-profit de companii din Slovenia. A fost fondat\u0103 \u00een 1851 \u0219i ast\u0103zi se m\u00e2ndre\u0219te cu peste 5.200 de companii membre de toate formele, dimensiunile, ramurile \u0219i mediile regionale. Companiile noastre membre contribuie cu aproximativ 50% din valoarea ad\u0103ugat\u0103 brut\u0103 a economiei slovene \u0219i genereaz\u0103 2\/3 din v\u00e2nz\u0103ri pe pie\u021bele externe. Afacerile \u00een Slovenia \u00eencep aici! Ce putem face pentru tine? CCIS este partenerul local ideal pentru investitorii str\u0103ini \u0219i profesioni\u0219tii \u00een afaceri. V\u0103 poate sprijini \u0219i facilita intrarea pe pia\u021ba sloven\u0103. V\u0103 poate ajuta s\u0103 c\u0103uta\u021bi noi contacte \u0219i s\u0103 v\u0103 ofere o gam\u0103 larg\u0103 de informa\u021bii utile despre afaceri. Dac\u0103 sunte\u021bi interesat s\u0103 face\u021bi afaceri \u00een Slovenia, CCIS v\u0103 ofer\u0103 servicii dezvoltate special pentru nevoile dumneavoastr\u0103. CCIS este membru \u00een numeroase organisme guvernamentale, consilii \u0219i comitete, sprijinindu-le cu know-how \u0219i expertiz\u0103. CCIS este o organiza\u021bie partener\u0103 social\u0103 din Slovenia \u0219i, prin urmare, membr\u0103 a Consiliului Economic \u0219i Social al Sloveniei. Orientarea strategic\u0103 a CCIS este cooperarea \u0219i implicarea \u00een toate procesele de formare a mediului economic \u0219i de afaceri, precum \u0219i politicile economice, inclusiv toate eforturile de \u00eembun\u0103t\u0103\u021bire a dezvolt\u0103rii economice, societale \u0219i de mediu a Sloveniei. CCIS formeaz\u0103 o singur\u0103 entitate juridic\u0103 cu 26 de asocia\u021bii de ramur\u0103. Acesta reune\u0219te 13 birouri regionale \u00een Slovenia care acoper\u0103 toate regiunile din Slovenia.<\/p>\n<p><strong>Site web:<\/strong> <a href=\"https:\/\/eng.gzs.si\/\">www.eng.gzs.si<\/a><\/p>\n<hr \/>\n<p><img loading=\"lazy\" decoding=\"async\" class=\"wp-image-172 size-medium aligncenter\" src=\"https:\/\/digier.erasmus.site\/wp-content\/uploads\/2021\/12\/camera-300x300.png\" alt=\"\" width=\"300\" height=\"300\" srcset=\"https:\/\/digier.erasmus.site\/wp-content\/uploads\/2021\/12\/camera.png 300w, https:\/\/digier.erasmus.site\/wp-content\/uploads\/2021\/12\/camera-150x150.png 150w\" sizes=\"(max-width: 300px) 100vw, 300px\" \/><\/p>\n<h3 style=\"text-align: center;\"><strong>Camera de Comert si Industrie Bistrita Nasaud (CCI BN)<\/strong><\/h3>\n<p>Camera de Comert si Industrie a municipiului Bistrita Nasaud (CCI BN) este o asociatie independenta, voluntara, non-profit a firmelor din judetul Bistrita Nasaud. A fost fondat\u0103 \u00een septembrie 1990 \u0219i \u00eenscrie ast\u0103zi peste 280 de companii membre de toate formele, dimensiunile \u0219i ramurile. Companiile noastre membre contribuie cu aproximativ 80% din valoarea ad\u0103ugat\u0103 brut\u0103 a economiei bistri\u021bene \u0219i genereaz\u0103 2\/3 din v\u00e2nz\u0103ri pe pie\u021bele externe. CCIBN este partenerul local ideal pentru investitorii str\u0103ini \u0219i profesioni\u0219tii de afaceri interesa\u021bi de Regiunea Nord-Vest.<\/p>\n<p>\u00cen cei 31 de ani de activitate, Camera \u0219i-a consolidat pozi\u021bia \u00een peisajul economic jude\u021bean ca institu\u021bie util\u0103 \u0219i necesar\u0103 a economiei de pia\u021b\u0103, manifest\u00e2ndu-\u0219i activ rolul de lider \u00een abordarea perioadei perturbatoare pentru cre\u0219terea rezisten\u021bei locale.<\/p>\n<p>Pentru a face fa\u021b\u0103 transform\u0103rii digitale \u0219i economiei circulare, CCIBN a devenit fondator al Digital Innovation Hub for Society \u0219i membru \u00een CLEMS Cluster, dezvolt\u00e2nd ac\u021biuni specifice pentru comunitatea de afaceri local\u0103.<\/p>\n<p>Sediul CCIBN are facilit\u0103\u021bi pentru peste 100 de participan\u021bi cu o sal\u0103 de conferin\u021be, ateliere \u0219i s\u0103li de \u00eent\u00e2lnire \u0219i birouri pentru toate departamentele \u0219i 18 membri ai personalului.<\/p>\n<p>CCIBN este implicata \u00eentr-o gam\u0103 larg\u0103 de proiecte la nivel na\u021bional, transfrontalier, transna\u021bional \u0219i UE. \u00cen \u00cen ultimii 3 ani, CCIBN a participat (condus) mai mult de 4 proiecte \u00een cadrul Instrumentelor structurale, Erasmus+, Interreg.<\/p>\n<p><strong>Site web:<\/strong> <a href=\"http:\/\/www.cciabn.ro\/webb\/\" target=\"_blank\" rel=\"noopener\">www.cciabn.ro<\/a><\/p>\n","protected":false},"excerpt":{"rendered":"<p>Camera de Comer\u021b \u0219i Industrie din Katowice \u2013 Coordonator de proiect Camera de Comer\u021b \u0219i Industrie din Katowice este o&hellip;&nbsp;<a href=\"https:\/\/digier.erasmus.site\/ro\/project-partners\/\" rel=\"bookmark\">Cite\u0219te mai mult &raquo;<span class=\"screen-reader-text\">PARTENERII PROIECTULUI<\/span><\/a><\/p>\n","protected":false},"author":1,"featured_media":0,"parent":0,"menu_order":0,"comment_status":"closed","ping_status":"closed","template":"","meta":{"neve_meta_sidebar":"","neve_meta_container":"","neve_meta_enable_content_width":"off","neve_meta_content_width":100,"neve_meta_title_alignment":"","neve_meta_author_avatar":"","neve_post_elements_order":"","neve_meta_disable_header":"","neve_meta_disable_footer":"","neve_meta_disable_title":"","footnotes":""},"class_list":["post-154","page","type-page","status-publish","hentry"],"yoast_head":"<!-- This site is optimized with the Yoast SEO plugin v27.3 - https:\/\/yoast.com\/product\/yoast-seo-wordpress\/ -->\n<title>PARTENERII PROIECTULUI - DigiER Project<\/title>\n<meta name=\"robots\" content=\"index, follow, max-snippet:-1, max-image-preview:large, max-video-preview:-1\" \/>\n<link rel=\"canonical\" href=\"https:\/\/digier.erasmus.site\/ro\/project-partners\/\" \/>\n<meta property=\"og:locale\" content=\"ro_RO\" \/>\n<meta property=\"og:type\" content=\"article\" \/>\n<meta property=\"og:title\" content=\"PARTENERII PROIECTULUI - DigiER Project\" \/>\n<meta property=\"og:description\" content=\"Camera de Comer\u021b \u0219i Industrie din Katowice \u2013 Coordonator de proiect Camera de Comer\u021b \u0219i Industrie din Katowice este o&hellip;&nbsp;Cite\u0219te mai mult &raquo;PARTENERII PROIECTULUI\" \/>\n<meta property=\"og:url\" content=\"https:\/\/digier.erasmus.site\/ro\/project-partners\/\" \/>\n<meta property=\"og:site_name\" content=\"DigiER Project\" \/>\n<meta property=\"article:publisher\" content=\"https:\/\/www.facebook.com\/DigierProject\" \/>\n<meta property=\"article:modified_time\" content=\"2022-06-29T10:31:17+00:00\" \/>\n<meta property=\"og:image\" content=\"https:\/\/digier.erasmus.site\/wp-content\/uploads\/2021\/12\/rig-300x300.png\" \/>\n<meta name=\"twitter:card\" content=\"summary_large_image\" \/>\n<meta name=\"twitter:label1\" content=\"Timp estimat pentru citire\" \/>\n\t<meta name=\"twitter:data1\" content=\"6 minute\" \/>\n<script type=\"application\/ld+json\" class=\"yoast-schema-graph\">{\"@context\":\"https:\\\/\\\/schema.org\",\"@graph\":[{\"@type\":\"WebPage\",\"@id\":\"https:\\\/\\\/digier.erasmus.site\\\/ro\\\/project-partners\\\/\",\"url\":\"https:\\\/\\\/digier.erasmus.site\\\/ro\\\/project-partners\\\/\",\"name\":\"PARTENERII PROIECTULUI - DigiER Project\",\"isPartOf\":{\"@id\":\"https:\\\/\\\/digier.erasmus.site\\\/ro\\\/#website\"},\"primaryImageOfPage\":{\"@id\":\"https:\\\/\\\/digier.erasmus.site\\\/ro\\\/project-partners\\\/#primaryimage\"},\"image\":{\"@id\":\"https:\\\/\\\/digier.erasmus.site\\\/project-partners\\\/#primaryimage\"},\"thumbnailUrl\":\"https:\\\/\\\/digier.erasmus.site\\\/wp-content\\\/uploads\\\/2021\\\/12\\\/rig-300x300.png\",\"datePublished\":\"2021-12-15T09:51:24+00:00\",\"dateModified\":\"2022-06-29T10:31:17+00:00\",\"breadcrumb\":{\"@id\":\"https:\\\/\\\/digier.erasmus.site\\\/ro\\\/project-partners\\\/#breadcrumb\"},\"inLanguage\":\"ro-RO\",\"potentialAction\":[{\"@type\":\"ReadAction\",\"target\":[[\"https:\\\/\\\/digier.erasmus.site\\\/ro\\\/project-partners\\\/\"]]}]},{\"@type\":\"ImageObject\",\"inLanguage\":\"ro-RO\",\"@id\":\"https:\\\/\\\/digier.erasmus.site\\\/ro\\\/project-partners\\\/#primaryimage\",\"url\":\"https:\\\/\\\/digier.erasmus.site\\\/wp-content\\\/uploads\\\/2021\\\/12\\\/rig-300x300.png\",\"contentUrl\":\"https:\\\/\\\/digier.erasmus.site\\\/wp-content\\\/uploads\\\/2021\\\/12\\\/rig-300x300.png\"},{\"@type\":\"BreadcrumbList\",\"@id\":\"https:\\\/\\\/digier.erasmus.site\\\/ro\\\/project-partners\\\/#breadcrumb\",\"itemListElement\":[{\"@type\":\"ListItem\",\"position\":1,\"name\":\"Home\",\"item\":\"https:\\\/\\\/digier.erasmus.site\\\/ro\\\/\"},{\"@type\":\"ListItem\",\"position\":2,\"name\":\"Project Partners\"}]},{\"@type\":\"WebSite\",\"@id\":\"https:\\\/\\\/digier.erasmus.site\\\/ro\\\/#website\",\"url\":\"https:\\\/\\\/digier.erasmus.site\\\/ro\\\/\",\"name\":\"DigiER Project\",\"description\":\"DigiER - Digital Transborders Entrepreneurship Readiness\",\"publisher\":{\"@id\":\"https:\\\/\\\/digier.erasmus.site\\\/ro\\\/#organization\"},\"potentialAction\":[{\"@type\":\"SearchAction\",\"target\":{\"@type\":\"EntryPoint\",\"urlTemplate\":\"https:\\\/\\\/digier.erasmus.site\\\/ro\\\/?s={search_term_string}\"},\"query-input\":{\"@type\":\"PropertyValueSpecification\",\"valueRequired\":true,\"valueName\":\"search_term_string\"}}],\"inLanguage\":\"ro-RO\"},{\"@type\":\"Organization\",\"@id\":\"https:\\\/\\\/digier.erasmus.site\\\/ro\\\/#organization\",\"name\":\"DigiER - Digital Transborders Entrepreneurship Readiness\",\"url\":\"https:\\\/\\\/digier.erasmus.site\\\/ro\\\/\",\"logo\":{\"@type\":\"ImageObject\",\"inLanguage\":\"ro-RO\",\"@id\":\"https:\\\/\\\/digier.erasmus.site\\\/ro\\\/#\\\/schema\\\/logo\\\/image\\\/\",\"url\":\"https:\\\/\\\/digier.erasmus.site\\\/wp-content\\\/uploads\\\/2021\\\/11\\\/DigiER-Logo.jpg\",\"contentUrl\":\"https:\\\/\\\/digier.erasmus.site\\\/wp-content\\\/uploads\\\/2021\\\/11\\\/DigiER-Logo.jpg\",\"width\":1123,\"height\":794,\"caption\":\"DigiER - Digital Transborders Entrepreneurship Readiness\"},\"image\":{\"@id\":\"https:\\\/\\\/digier.erasmus.site\\\/ro\\\/#\\\/schema\\\/logo\\\/image\\\/\"},\"sameAs\":[\"https:\\\/\\\/www.facebook.com\\\/DigierProject\",\"https:\\\/\\\/www.linkedin.com\\\/company\\\/digier-digital-transborder-entrepreneurship-readiness\\\/\"]}]}<\/script>\n<!-- \/ Yoast SEO plugin. -->","yoast_head_json":{"title":"PARTENERII PROIECTULUI - DigiER Project","robots":{"index":"index","follow":"follow","max-snippet":"max-snippet:-1","max-image-preview":"max-image-preview:large","max-video-preview":"max-video-preview:-1"},"canonical":"https:\/\/digier.erasmus.site\/ro\/project-partners\/","og_locale":"ro_RO","og_type":"article","og_title":"PARTENERII PROIECTULUI - DigiER Project","og_description":"Camera de Comer\u021b \u0219i Industrie din Katowice \u2013 Coordonator de proiect Camera de Comer\u021b \u0219i Industrie din Katowice este o&hellip;&nbsp;Cite\u0219te mai mult &raquo;PARTENERII PROIECTULUI","og_url":"https:\/\/digier.erasmus.site\/ro\/project-partners\/","og_site_name":"DigiER Project","article_publisher":"https:\/\/www.facebook.com\/DigierProject","article_modified_time":"2022-06-29T10:31:17+00:00","og_image":[{"url":"https:\/\/digier.erasmus.site\/wp-content\/uploads\/2021\/12\/rig-300x300.png","type":"","width":"","height":""}],"twitter_card":"summary_large_image","twitter_misc":{"Timp estimat pentru citire":"6 minute"},"schema":{"@context":"https:\/\/schema.org","@graph":[{"@type":"WebPage","@id":"https:\/\/digier.erasmus.site\/ro\/project-partners\/","url":"https:\/\/digier.erasmus.site\/ro\/project-partners\/","name":"PARTENERII PROIECTULUI - DigiER Project","isPartOf":{"@id":"https:\/\/digier.erasmus.site\/ro\/#website"},"primaryImageOfPage":{"@id":"https:\/\/digier.erasmus.site\/ro\/project-partners\/#primaryimage"},"image":{"@id":"https:\/\/digier.erasmus.site\/project-partners\/#primaryimage"},"thumbnailUrl":"https:\/\/digier.erasmus.site\/wp-content\/uploads\/2021\/12\/rig-300x300.png","datePublished":"2021-12-15T09:51:24+00:00","dateModified":"2022-06-29T10:31:17+00:00","breadcrumb":{"@id":"https:\/\/digier.erasmus.site\/ro\/project-partners\/#breadcrumb"},"inLanguage":"ro-RO","potentialAction":[{"@type":"ReadAction","target":[["https:\/\/digier.erasmus.site\/ro\/project-partners\/"]]}]},{"@type":"ImageObject","inLanguage":"ro-RO","@id":"https:\/\/digier.erasmus.site\/ro\/project-partners\/#primaryimage","url":"https:\/\/digier.erasmus.site\/wp-content\/uploads\/2021\/12\/rig-300x300.png","contentUrl":"https:\/\/digier.erasmus.site\/wp-content\/uploads\/2021\/12\/rig-300x300.png"},{"@type":"BreadcrumbList","@id":"https:\/\/digier.erasmus.site\/ro\/project-partners\/#breadcrumb","itemListElement":[{"@type":"ListItem","position":1,"name":"Home","item":"https:\/\/digier.erasmus.site\/ro\/"},{"@type":"ListItem","position":2,"name":"Project Partners"}]},{"@type":"WebSite","@id":"https:\/\/digier.erasmus.site\/ro\/#website","url":"https:\/\/digier.erasmus.site\/ro\/","name":"DigiER Project","description":"DigiER - Digital Transborders Entrepreneurship Readiness","publisher":{"@id":"https:\/\/digier.erasmus.site\/ro\/#organization"},"potentialAction":[{"@type":"SearchAction","target":{"@type":"EntryPoint","urlTemplate":"https:\/\/digier.erasmus.site\/ro\/?s={search_term_string}"},"query-input":{"@type":"PropertyValueSpecification","valueRequired":true,"valueName":"search_term_string"}}],"inLanguage":"ro-RO"},{"@type":"Organization","@id":"https:\/\/digier.erasmus.site\/ro\/#organization","name":"DigiER - Digital Transborders Entrepreneurship Readiness","url":"https:\/\/digier.erasmus.site\/ro\/","logo":{"@type":"ImageObject","inLanguage":"ro-RO","@id":"https:\/\/digier.erasmus.site\/ro\/#\/schema\/logo\/image\/","url":"https:\/\/digier.erasmus.site\/wp-content\/uploads\/2021\/11\/DigiER-Logo.jpg","contentUrl":"https:\/\/digier.erasmus.site\/wp-content\/uploads\/2021\/11\/DigiER-Logo.jpg","width":1123,"height":794,"caption":"DigiER - Digital Transborders Entrepreneurship Readiness"},"image":{"@id":"https:\/\/digier.erasmus.site\/ro\/#\/schema\/logo\/image\/"},"sameAs":["https:\/\/www.facebook.com\/DigierProject","https:\/\/www.linkedin.com\/company\/digier-digital-transborder-entrepreneurship-readiness\/"]}]}},"_links":{"self":[{"href":"https:\/\/digier.erasmus.site\/ro\/wp-json\/wp\/v2\/pages\/154","targetHints":{"allow":["GET"]}}],"collection":[{"href":"https:\/\/digier.erasmus.site\/ro\/wp-json\/wp\/v2\/pages"}],"about":[{"href":"https:\/\/digier.erasmus.site\/ro\/wp-json\/wp\/v2\/types\/page"}],"author":[{"embeddable":true,"href":"https:\/\/digier.erasmus.site\/ro\/wp-json\/wp\/v2\/users\/1"}],"replies":[{"embeddable":true,"href":"https:\/\/digier.erasmus.site\/ro\/wp-json\/wp\/v2\/comments?post=154"}],"version-history":[{"count":16,"href":"https:\/\/digier.erasmus.site\/ro\/wp-json\/wp\/v2\/pages\/154\/revisions"}],"predecessor-version":[{"id":446,"href":"https:\/\/digier.erasmus.site\/ro\/wp-json\/wp\/v2\/pages\/154\/revisions\/446"}],"wp:attachment":[{"href":"https:\/\/digier.erasmus.site\/ro\/wp-json\/wp\/v2\/media?parent=154"}],"curies":[{"name":"wp","href":"https:\/\/api.w.org\/{rel}","templated":true}]}}