{"id":199,"date":"2021-12-22T11:26:13","date_gmt":"2021-12-22T11:26:13","guid":{"rendered":"https:\/\/digier.erasmus.site\/?page_id=199"},"modified":"2023-04-17T06:52:47","modified_gmt":"2023-04-17T06:52:47","slug":"project-results","status":"publish","type":"page","link":"https:\/\/digier.erasmus.site\/pl\/project-results\/","title":{"rendered":"REZULTATY PROJEKTU"},"content":{"rendered":"\t\t<div data-elementor-type=\"wp-page\" data-elementor-id=\"199\" class=\"elementor elementor-199\">\n\t\t\t\t\t\t<section class=\"elementor-section elementor-top-section elementor-element elementor-element-854b5ae elementor-section-boxed elementor-section-height-default elementor-section-height-default\" data-id=\"854b5ae\" data-element_type=\"section\" data-e-type=\"section\">\n\t\t\t\t\t\t<div class=\"elementor-container elementor-column-gap-default\">\n\t\t\t\t\t<div class=\"elementor-column elementor-col-50 elementor-top-column elementor-element elementor-element-26a093d\" data-id=\"26a093d\" data-element_type=\"column\" data-e-type=\"column\">\n\t\t\t<div class=\"elementor-widget-wrap elementor-element-populated\">\n\t\t\t\t\t\t<div class=\"elementor-element elementor-element-b98ffc4 elementor-widget elementor-widget-image\" data-id=\"b98ffc4\" data-element_type=\"widget\" data-e-type=\"widget\" data-widget_type=\"image.default\">\n\t\t\t\t<div class=\"elementor-widget-container\">\n\t\t\t\t\t\t\t\t\t\t\t\t\t\t\t<img fetchpriority=\"high\" decoding=\"async\" width=\"212\" height=\"300\" src=\"https:\/\/digier.erasmus.site\/wp-content\/uploads\/2023\/02\/DigiER_IO1_Guide-on-Digital-transborder-Entrepreneurship-strategies_EN-page-001-212x300.jpg\" class=\"attachment-medium size-medium wp-image-1035\" alt=\"\" srcset=\"https:\/\/digier.erasmus.site\/wp-content\/uploads\/2023\/02\/DigiER_IO1_Guide-on-Digital-transborder-Entrepreneurship-strategies_EN-page-001-212x300.jpg 212w, https:\/\/digier.erasmus.site\/wp-content\/uploads\/2023\/02\/DigiER_IO1_Guide-on-Digital-transborder-Entrepreneurship-strategies_EN-page-001-724x1024.jpg 724w, https:\/\/digier.erasmus.site\/wp-content\/uploads\/2023\/02\/DigiER_IO1_Guide-on-Digital-transborder-Entrepreneurship-strategies_EN-page-001-768x1086.jpg 768w, https:\/\/digier.erasmus.site\/wp-content\/uploads\/2023\/02\/DigiER_IO1_Guide-on-Digital-transborder-Entrepreneurship-strategies_EN-page-001-1086x1536.jpg 1086w, https:\/\/digier.erasmus.site\/wp-content\/uploads\/2023\/02\/DigiER_IO1_Guide-on-Digital-transborder-Entrepreneurship-strategies_EN-page-001-17x24.jpg 17w, https:\/\/digier.erasmus.site\/wp-content\/uploads\/2023\/02\/DigiER_IO1_Guide-on-Digital-transborder-Entrepreneurship-strategies_EN-page-001-25x36.jpg 25w, https:\/\/digier.erasmus.site\/wp-content\/uploads\/2023\/02\/DigiER_IO1_Guide-on-Digital-transborder-Entrepreneurship-strategies_EN-page-001-34x48.jpg 34w, https:\/\/digier.erasmus.site\/wp-content\/uploads\/2023\/02\/DigiER_IO1_Guide-on-Digital-transborder-Entrepreneurship-strategies_EN-page-001.jpg 1241w\" sizes=\"(max-width: 212px) 100vw, 212px\" \/>\t\t\t\t\t\t\t\t\t\t\t\t\t\t\t<\/div>\n\t\t\t\t<\/div>\n\t\t\t\t<div class=\"elementor-element elementor-element-53df3ef elementor-widget elementor-widget-heading\" data-id=\"53df3ef\" data-element_type=\"widget\" data-e-type=\"widget\" data-widget_type=\"heading.default\">\n\t\t\t\t<div class=\"elementor-widget-container\">\n\t\t\t\t\t<h3 class=\"elementor-heading-title elementor-size-default\">Przewodnik po strategiach cyfrowej przedsi\u0119biorczo\u015bci transgranicznej<br> w \u015brodowisku biznesowym<\/h3>\t\t\t\t<\/div>\n\t\t\t\t<\/div>\n\t\t\t\t<div class=\"elementor-element elementor-element-8df816f elementor-widget elementor-widget-text-editor\" data-id=\"8df816f\" data-element_type=\"widget\" data-e-type=\"widget\" data-widget_type=\"text-editor.default\">\n\t\t\t\t<div class=\"elementor-widget-container\">\n\t\t\t\t\t\t\t\t\t<p style=\"text-align: center;\">Materia\u0142 szkoleniowy DigiER sk\u0142ada si\u0119 z zaproponowanych rozdzia\u0142\u00f3w, kt\u00f3re s\u0105 postrzegane jako najbardziej wsp\u00f3\u0142czesne tytu\u0142y modu\u0142\u00f3w szkoleniowych.<\/p>\t\t\t\t\t\t\t\t<\/div>\n\t\t\t\t<\/div>\n\t\t\t\t\t<\/div>\n\t\t<\/div>\n\t\t\t\t<div class=\"elementor-column elementor-col-50 elementor-top-column elementor-element elementor-element-19df730\" data-id=\"19df730\" data-element_type=\"column\" data-e-type=\"column\">\n\t\t\t<div class=\"elementor-widget-wrap elementor-element-populated\">\n\t\t\t\t\t\t<div class=\"elementor-element elementor-element-8ffdfc4 elementor-widget elementor-widget-image\" data-id=\"8ffdfc4\" data-element_type=\"widget\" data-e-type=\"widget\" data-widget_type=\"image.default\">\n\t\t\t\t<div class=\"elementor-widget-container\">\n\t\t\t\t\t\t\t\t\t\t\t\t\t\t\t<img decoding=\"async\" width=\"300\" height=\"300\" src=\"https:\/\/digier.erasmus.site\/wp-content\/uploads\/2021\/12\/6532-300x300.jpg\" class=\"attachment-medium size-medium wp-image-205\" alt=\"\" srcset=\"https:\/\/digier.erasmus.site\/wp-content\/uploads\/2021\/12\/6532-300x300.jpg 300w, https:\/\/digier.erasmus.site\/wp-content\/uploads\/2021\/12\/6532-1024x1024.jpg 1024w, https:\/\/digier.erasmus.site\/wp-content\/uploads\/2021\/12\/6532-150x150.jpg 150w, https:\/\/digier.erasmus.site\/wp-content\/uploads\/2021\/12\/6532-768x768.jpg 768w, https:\/\/digier.erasmus.site\/wp-content\/uploads\/2021\/12\/6532-1536x1536.jpg 1536w, https:\/\/digier.erasmus.site\/wp-content\/uploads\/2021\/12\/6532-2048x2048.jpg 2048w\" sizes=\"(max-width: 300px) 100vw, 300px\" \/>\t\t\t\t\t\t\t\t\t\t\t\t\t\t\t<\/div>\n\t\t\t\t<\/div>\n\t\t\t\t<div class=\"elementor-element elementor-element-7fc4e37 elementor-widget elementor-widget-heading\" data-id=\"7fc4e37\" data-element_type=\"widget\" data-e-type=\"widget\" data-widget_type=\"heading.default\">\n\t\t\t\t<div class=\"elementor-widget-container\">\n\t\t\t\t\t<h3 class=\"elementor-heading-title elementor-size-default\">Aplikacja mobilna DigiER dla przedsi\u0119biorc\u00f3w<\/h3>\t\t\t\t<\/div>\n\t\t\t\t<\/div>\n\t\t\t\t<div class=\"elementor-element elementor-element-e78a618 elementor-widget elementor-widget-text-editor\" data-id=\"e78a618\" data-element_type=\"widget\" data-e-type=\"widget\" data-widget_type=\"text-editor.default\">\n\t\t\t\t<div class=\"elementor-widget-container\">\n\t\t\t\t\t\t\t\t\t<p style=\"text-align: center;\">Aplikacja mobilna DigiER zapewni spersonalizowane \u015bcie\u017cki szkoleniowe poprzez wst\u0119pne sprawdzenie wiedzy i \u015bwiadomo\u015bci na temat cyfrowej przedsi\u0119biorczo\u015bci transgranicznej w\u015br\u00f3d przedsi\u0119biorc\u00f3w i os\u00f3b rozpoczynaj\u0105cych dzia\u0142alno\u015b\u0107 gospodarcz\u0105. Aplikacja mobilna DigiER opracuje r\u00f3wnie\u017c spersonalizowan\u0105 strategi\u0119 dla przedsi\u0119biorc\u00f3w i startup\u00f3w, aby mogli oni zaj\u0105\u0107 si\u0119 s\u0142abymi punktami i wzmocni\u0107 swoje podej\u015bcie do cyfrowej przedsi\u0119biorczo\u015bci transgranicznej.<\/p>\t\t\t\t\t\t\t\t<\/div>\n\t\t\t\t<\/div>\n\t\t\t\t\t<\/div>\n\t\t<\/div>\n\t\t\t\t\t<\/div>\n\t\t<\/section>\n\t\t\t\t<section class=\"elementor-section elementor-top-section elementor-element elementor-element-af936e2 elementor-section-boxed elementor-section-height-default elementor-section-height-default\" data-id=\"af936e2\" data-element_type=\"section\" data-e-type=\"section\">\n\t\t\t\t\t\t<div class=\"elementor-container elementor-column-gap-default\">\n\t\t\t\t\t<div class=\"elementor-column elementor-col-50 elementor-top-column elementor-element elementor-element-ebf1029\" data-id=\"ebf1029\" data-element_type=\"column\" data-e-type=\"column\">\n\t\t\t<div class=\"elementor-widget-wrap elementor-element-populated\">\n\t\t\t\t\t\t<div class=\"elementor-element elementor-element-beed051 elementor-align-center elementor-widget elementor-widget-button\" data-id=\"beed051\" data-element_type=\"widget\" data-e-type=\"widget\" data-widget_type=\"button.default\">\n\t\t\t\t<div class=\"elementor-widget-container\">\n\t\t\t\t\t\t\t\t\t<div class=\"elementor-button-wrapper\">\n\t\t\t\t\t<a class=\"elementor-button elementor-button-link elementor-size-sm\" href=\"https:\/\/digier.erasmus.site\/wp-content\/uploads\/2023\/03\/DigiER_IO1_Przewodnik-po-strategiach-cyfrowej-przedsiebiorczosci-transgranicznej_PL.pdf\" download=\"\">\n\t\t\t\t\t\t<span class=\"elementor-button-content-wrapper\">\n\t\t\t\t\t\t<span class=\"elementor-button-icon\">\n\t\t\t\t<i aria-hidden=\"true\" class=\"fas fa-download\"><\/i>\t\t\t<\/span>\n\t\t\t\t\t\t\t\t\t<span class=\"elementor-button-text\">Pobierz Przewodnik<\/span>\n\t\t\t\t\t<\/span>\n\t\t\t\t\t<\/a>\n\t\t\t\t<\/div>\n\t\t\t\t\t\t\t\t<\/div>\n\t\t\t\t<\/div>\n\t\t\t\t<div class=\"elementor-element elementor-element-089283a elementor-align-center elementor-widget elementor-widget-button\" data-id=\"089283a\" data-element_type=\"widget\" data-e-type=\"widget\" data-widget_type=\"button.default\">\n\t\t\t\t<div class=\"elementor-widget-container\">\n\t\t\t\t\t\t\t\t\t<div class=\"elementor-button-wrapper\">\n\t\t\t\t\t<a class=\"elementor-button elementor-button-link elementor-size-sm\" href=\"https:\/\/digier.erasmus.site\/course\/\">\n\t\t\t\t\t\t<span class=\"elementor-button-content-wrapper\">\n\t\t\t\t\t\t\t\t\t<span class=\"elementor-button-text\">Przejd\u017a do kursu online<\/span>\n\t\t\t\t\t<\/span>\n\t\t\t\t\t<\/a>\n\t\t\t\t<\/div>\n\t\t\t\t\t\t\t\t<\/div>\n\t\t\t\t<\/div>\n\t\t\t\t\t<\/div>\n\t\t<\/div>\n\t\t\t\t<div class=\"elementor-column elementor-col-50 elementor-top-column elementor-element elementor-element-bcaf7b7\" data-id=\"bcaf7b7\" data-element_type=\"column\" data-e-type=\"column\">\n\t\t\t<div class=\"elementor-widget-wrap elementor-element-populated\">\n\t\t\t\t\t\t<section class=\"elementor-section elementor-inner-section elementor-element elementor-element-1d55880 elementor-section-boxed elementor-section-height-default elementor-section-height-default\" data-id=\"1d55880\" data-element_type=\"section\" data-e-type=\"section\">\n\t\t\t\t\t\t<div class=\"elementor-container elementor-column-gap-default\">\n\t\t\t\t\t<div class=\"elementor-column elementor-col-50 elementor-inner-column elementor-element elementor-element-521dad7\" data-id=\"521dad7\" data-element_type=\"column\" data-e-type=\"column\">\n\t\t\t<div class=\"elementor-widget-wrap elementor-element-populated\">\n\t\t\t\t\t\t<div class=\"elementor-element elementor-element-97a1b76 elementor-view-stacked elementor-shape-circle elementor-widget elementor-widget-icon\" data-id=\"97a1b76\" data-element_type=\"widget\" data-e-type=\"widget\" data-widget_type=\"icon.default\">\n\t\t\t\t<div class=\"elementor-widget-container\">\n\t\t\t\t\t\t\t<div class=\"elementor-icon-wrapper\">\n\t\t\t<a class=\"elementor-icon\" href=\"https:\/\/play.google.com\/store\/apps\/details?id=eu.dcnet.digier\" target=\"_blank\">\n\t\t\t<i aria-hidden=\"true\" class=\"fab fa-android\"><\/i>\t\t\t<\/a>\n\t\t<\/div>\n\t\t\t\t\t\t<\/div>\n\t\t\t\t<\/div>\n\t\t\t\t\t<\/div>\n\t\t<\/div>\n\t\t\t\t<div class=\"elementor-column elementor-col-50 elementor-inner-column elementor-element elementor-element-a55ee01\" data-id=\"a55ee01\" data-element_type=\"column\" data-e-type=\"column\">\n\t\t\t<div class=\"elementor-widget-wrap elementor-element-populated\">\n\t\t\t\t\t\t<div class=\"elementor-element elementor-element-5edd602 elementor-view-stacked elementor-shape-circle elementor-widget elementor-widget-icon\" data-id=\"5edd602\" data-element_type=\"widget\" data-e-type=\"widget\" data-widget_type=\"icon.default\">\n\t\t\t\t<div class=\"elementor-widget-container\">\n\t\t\t\t\t\t\t<div class=\"elementor-icon-wrapper\">\n\t\t\t<a class=\"elementor-icon\" href=\"https:\/\/apps.apple.com\/pl\/app\/digier\/id6445867398\" target=\"_blank\">\n\t\t\t<i aria-hidden=\"true\" class=\"fab fa-apple\"><\/i>\t\t\t<\/a>\n\t\t<\/div>\n\t\t\t\t\t\t<\/div>\n\t\t\t\t<\/div>\n\t\t\t\t\t<\/div>\n\t\t<\/div>\n\t\t\t\t\t<\/div>\n\t\t<\/section>\n\t\t\t\t\t<\/div>\n\t\t<\/div>\n\t\t\t\t\t<\/div>\n\t\t<\/section>\n\t\t\t\t<\/div>\n\t\t","protected":false},"excerpt":{"rendered":"<p>Przewodnik po strategiach cyfrowej przedsi\u0119biorczo\u015bci transgranicznej w \u015brodowisku biznesowym Materia\u0142 szkoleniowy DigiER sk\u0142ada si\u0119 z zaproponowanych rozdzia\u0142\u00f3w, kt\u00f3re s\u0105 postrzegane&hellip;&nbsp;<a href=\"https:\/\/digier.erasmus.site\/pl\/project-results\/\" rel=\"bookmark\">Dowiedz si\u0119 wi\u0119cej &raquo;<span class=\"screen-reader-text\">REZULTATY PROJEKTU<\/span><\/a><\/p>\n","protected":false},"author":1,"featured_media":0,"parent":0,"menu_order":0,"comment_status":"closed","ping_status":"closed","template":"","meta":{"neve_meta_sidebar":"","neve_meta_container":"","neve_meta_enable_content_width":"off","neve_meta_content_width":100,"neve_meta_title_alignment":"","neve_meta_author_avatar":"","neve_post_elements_order":"","neve_meta_disable_header":"","neve_meta_disable_footer":"","neve_meta_disable_title":"","footnotes":""},"class_list":["post-199","page","type-page","status-publish","hentry"],"yoast_head":"<!-- This site is optimized with the Yoast SEO plugin v27.3 - https:\/\/yoast.com\/product\/yoast-seo-wordpress\/ -->\n<title>REZULTATY PROJEKTU - DigiER Project<\/title>\n<meta name=\"robots\" content=\"index, follow, max-snippet:-1, max-image-preview:large, max-video-preview:-1\" \/>\n<link rel=\"canonical\" href=\"https:\/\/digier.erasmus.site\/pl\/project-results\/\" \/>\n<meta property=\"og:locale\" content=\"pl_PL\" \/>\n<meta property=\"og:type\" content=\"article\" \/>\n<meta property=\"og:title\" content=\"REZULTATY PROJEKTU - DigiER Project\" \/>\n<meta property=\"og:description\" content=\"Przewodnik po strategiach cyfrowej przedsi\u0119biorczo\u015bci transgranicznej w \u015brodowisku biznesowym Materia\u0142 szkoleniowy DigiER sk\u0142ada si\u0119 z zaproponowanych rozdzia\u0142\u00f3w, kt\u00f3re s\u0105 postrzegane&hellip;&nbsp;Dowiedz si\u0119 wi\u0119cej &raquo;REZULTATY PROJEKTU\" \/>\n<meta property=\"og:url\" content=\"https:\/\/digier.erasmus.site\/pl\/project-results\/\" \/>\n<meta property=\"og:site_name\" content=\"DigiER Project\" \/>\n<meta property=\"article:publisher\" content=\"https:\/\/www.facebook.com\/DigierProject\" \/>\n<meta property=\"article:modified_time\" content=\"2023-04-17T06:52:47+00:00\" \/>\n<meta property=\"og:image\" content=\"https:\/\/digier.erasmus.site\/wp-content\/uploads\/2023\/02\/DigiER_IO1_Guide-on-Digital-transborder-Entrepreneurship-strategies_EN-page-001-212x300.jpg\" \/>\n<meta name=\"twitter:card\" content=\"summary_large_image\" \/>\n<meta name=\"twitter:label1\" content=\"Szacowany czas czytania\" \/>\n\t<meta name=\"twitter:data1\" content=\"3 minuty\" \/>\n<script type=\"application\/ld+json\" class=\"yoast-schema-graph\">{\"@context\":\"https:\\\/\\\/schema.org\",\"@graph\":[{\"@type\":\"WebPage\",\"@id\":\"https:\\\/\\\/digier.erasmus.site\\\/pl\\\/project-results\\\/\",\"url\":\"https:\\\/\\\/digier.erasmus.site\\\/pl\\\/project-results\\\/\",\"name\":\"REZULTATY PROJEKTU - DigiER Project\",\"isPartOf\":{\"@id\":\"https:\\\/\\\/digier.erasmus.site\\\/pl\\\/#website\"},\"primaryImageOfPage\":{\"@id\":\"https:\\\/\\\/digier.erasmus.site\\\/pl\\\/project-results\\\/#primaryimage\"},\"image\":{\"@id\":\"https:\\\/\\\/digier.erasmus.site\\\/project-results\\\/#primaryimage\"},\"thumbnailUrl\":\"https:\\\/\\\/digier.erasmus.site\\\/wp-content\\\/uploads\\\/2023\\\/02\\\/DigiER_IO1_Guide-on-Digital-transborder-Entrepreneurship-strategies_EN-page-001-212x300.jpg\",\"datePublished\":\"2021-12-22T11:26:13+00:00\",\"dateModified\":\"2023-04-17T06:52:47+00:00\",\"breadcrumb\":{\"@id\":\"https:\\\/\\\/digier.erasmus.site\\\/pl\\\/project-results\\\/#breadcrumb\"},\"inLanguage\":\"pl-PL\",\"potentialAction\":[{\"@type\":\"ReadAction\",\"target\":[[\"https:\\\/\\\/digier.erasmus.site\\\/pl\\\/project-results\\\/\"]]}]},{\"@type\":\"ImageObject\",\"inLanguage\":\"pl-PL\",\"@id\":\"https:\\\/\\\/digier.erasmus.site\\\/pl\\\/project-results\\\/#primaryimage\",\"url\":\"https:\\\/\\\/digier.erasmus.site\\\/wp-content\\\/uploads\\\/2023\\\/02\\\/DigiER_IO1_Guide-on-Digital-transborder-Entrepreneurship-strategies_EN-page-001-212x300.jpg\",\"contentUrl\":\"https:\\\/\\\/digier.erasmus.site\\\/wp-content\\\/uploads\\\/2023\\\/02\\\/DigiER_IO1_Guide-on-Digital-transborder-Entrepreneurship-strategies_EN-page-001-212x300.jpg\"},{\"@type\":\"BreadcrumbList\",\"@id\":\"https:\\\/\\\/digier.erasmus.site\\\/pl\\\/project-results\\\/#breadcrumb\",\"itemListElement\":[{\"@type\":\"ListItem\",\"position\":1,\"name\":\"Home\",\"item\":\"https:\\\/\\\/digier.erasmus.site\\\/pl\\\/\"},{\"@type\":\"ListItem\",\"position\":2,\"name\":\"Project results\"}]},{\"@type\":\"WebSite\",\"@id\":\"https:\\\/\\\/digier.erasmus.site\\\/pl\\\/#website\",\"url\":\"https:\\\/\\\/digier.erasmus.site\\\/pl\\\/\",\"name\":\"DigiER Project\",\"description\":\"DigiER - Digital Transborders Entrepreneurship Readiness\",\"publisher\":{\"@id\":\"https:\\\/\\\/digier.erasmus.site\\\/pl\\\/#organization\"},\"potentialAction\":[{\"@type\":\"SearchAction\",\"target\":{\"@type\":\"EntryPoint\",\"urlTemplate\":\"https:\\\/\\\/digier.erasmus.site\\\/pl\\\/?s={search_term_string}\"},\"query-input\":{\"@type\":\"PropertyValueSpecification\",\"valueRequired\":true,\"valueName\":\"search_term_string\"}}],\"inLanguage\":\"pl-PL\"},{\"@type\":\"Organization\",\"@id\":\"https:\\\/\\\/digier.erasmus.site\\\/pl\\\/#organization\",\"name\":\"DigiER - Digital Transborders Entrepreneurship Readiness\",\"url\":\"https:\\\/\\\/digier.erasmus.site\\\/pl\\\/\",\"logo\":{\"@type\":\"ImageObject\",\"inLanguage\":\"pl-PL\",\"@id\":\"https:\\\/\\\/digier.erasmus.site\\\/pl\\\/#\\\/schema\\\/logo\\\/image\\\/\",\"url\":\"https:\\\/\\\/digier.erasmus.site\\\/wp-content\\\/uploads\\\/2021\\\/11\\\/DigiER-Logo.jpg\",\"contentUrl\":\"https:\\\/\\\/digier.erasmus.site\\\/wp-content\\\/uploads\\\/2021\\\/11\\\/DigiER-Logo.jpg\",\"width\":1123,\"height\":794,\"caption\":\"DigiER - Digital Transborders Entrepreneurship Readiness\"},\"image\":{\"@id\":\"https:\\\/\\\/digier.erasmus.site\\\/pl\\\/#\\\/schema\\\/logo\\\/image\\\/\"},\"sameAs\":[\"https:\\\/\\\/www.facebook.com\\\/DigierProject\",\"https:\\\/\\\/www.linkedin.com\\\/company\\\/digier-digital-transborder-entrepreneurship-readiness\\\/\"]}]}<\/script>\n<!-- \/ Yoast SEO plugin. -->","yoast_head_json":{"title":"REZULTATY PROJEKTU - DigiER Project","robots":{"index":"index","follow":"follow","max-snippet":"max-snippet:-1","max-image-preview":"max-image-preview:large","max-video-preview":"max-video-preview:-1"},"canonical":"https:\/\/digier.erasmus.site\/pl\/project-results\/","og_locale":"pl_PL","og_type":"article","og_title":"REZULTATY PROJEKTU - DigiER Project","og_description":"Przewodnik po strategiach cyfrowej przedsi\u0119biorczo\u015bci transgranicznej w \u015brodowisku biznesowym Materia\u0142 szkoleniowy DigiER sk\u0142ada si\u0119 z zaproponowanych rozdzia\u0142\u00f3w, kt\u00f3re s\u0105 postrzegane&hellip;&nbsp;Dowiedz si\u0119 wi\u0119cej &raquo;REZULTATY PROJEKTU","og_url":"https:\/\/digier.erasmus.site\/pl\/project-results\/","og_site_name":"DigiER Project","article_publisher":"https:\/\/www.facebook.com\/DigierProject","article_modified_time":"2023-04-17T06:52:47+00:00","og_image":[{"url":"https:\/\/digier.erasmus.site\/wp-content\/uploads\/2023\/02\/DigiER_IO1_Guide-on-Digital-transborder-Entrepreneurship-strategies_EN-page-001-212x300.jpg","type":"","width":"","height":""}],"twitter_card":"summary_large_image","twitter_misc":{"Szacowany czas czytania":"3 minuty"},"schema":{"@context":"https:\/\/schema.org","@graph":[{"@type":"WebPage","@id":"https:\/\/digier.erasmus.site\/pl\/project-results\/","url":"https:\/\/digier.erasmus.site\/pl\/project-results\/","name":"REZULTATY PROJEKTU - DigiER Project","isPartOf":{"@id":"https:\/\/digier.erasmus.site\/pl\/#website"},"primaryImageOfPage":{"@id":"https:\/\/digier.erasmus.site\/pl\/project-results\/#primaryimage"},"image":{"@id":"https:\/\/digier.erasmus.site\/project-results\/#primaryimage"},"thumbnailUrl":"https:\/\/digier.erasmus.site\/wp-content\/uploads\/2023\/02\/DigiER_IO1_Guide-on-Digital-transborder-Entrepreneurship-strategies_EN-page-001-212x300.jpg","datePublished":"2021-12-22T11:26:13+00:00","dateModified":"2023-04-17T06:52:47+00:00","breadcrumb":{"@id":"https:\/\/digier.erasmus.site\/pl\/project-results\/#breadcrumb"},"inLanguage":"pl-PL","potentialAction":[{"@type":"ReadAction","target":[["https:\/\/digier.erasmus.site\/pl\/project-results\/"]]}]},{"@type":"ImageObject","inLanguage":"pl-PL","@id":"https:\/\/digier.erasmus.site\/pl\/project-results\/#primaryimage","url":"https:\/\/digier.erasmus.site\/wp-content\/uploads\/2023\/02\/DigiER_IO1_Guide-on-Digital-transborder-Entrepreneurship-strategies_EN-page-001-212x300.jpg","contentUrl":"https:\/\/digier.erasmus.site\/wp-content\/uploads\/2023\/02\/DigiER_IO1_Guide-on-Digital-transborder-Entrepreneurship-strategies_EN-page-001-212x300.jpg"},{"@type":"BreadcrumbList","@id":"https:\/\/digier.erasmus.site\/pl\/project-results\/#breadcrumb","itemListElement":[{"@type":"ListItem","position":1,"name":"Home","item":"https:\/\/digier.erasmus.site\/pl\/"},{"@type":"ListItem","position":2,"name":"Project results"}]},{"@type":"WebSite","@id":"https:\/\/digier.erasmus.site\/pl\/#website","url":"https:\/\/digier.erasmus.site\/pl\/","name":"DigiER Project","description":"DigiER - Digital Transborders Entrepreneurship Readiness","publisher":{"@id":"https:\/\/digier.erasmus.site\/pl\/#organization"},"potentialAction":[{"@type":"SearchAction","target":{"@type":"EntryPoint","urlTemplate":"https:\/\/digier.erasmus.site\/pl\/?s={search_term_string}"},"query-input":{"@type":"PropertyValueSpecification","valueRequired":true,"valueName":"search_term_string"}}],"inLanguage":"pl-PL"},{"@type":"Organization","@id":"https:\/\/digier.erasmus.site\/pl\/#organization","name":"DigiER - Digital Transborders Entrepreneurship Readiness","url":"https:\/\/digier.erasmus.site\/pl\/","logo":{"@type":"ImageObject","inLanguage":"pl-PL","@id":"https:\/\/digier.erasmus.site\/pl\/#\/schema\/logo\/image\/","url":"https:\/\/digier.erasmus.site\/wp-content\/uploads\/2021\/11\/DigiER-Logo.jpg","contentUrl":"https:\/\/digier.erasmus.site\/wp-content\/uploads\/2021\/11\/DigiER-Logo.jpg","width":1123,"height":794,"caption":"DigiER - Digital Transborders Entrepreneurship Readiness"},"image":{"@id":"https:\/\/digier.erasmus.site\/pl\/#\/schema\/logo\/image\/"},"sameAs":["https:\/\/www.facebook.com\/DigierProject","https:\/\/www.linkedin.com\/company\/digier-digital-transborder-entrepreneurship-readiness\/"]}]}},"_links":{"self":[{"href":"https:\/\/digier.erasmus.site\/pl\/wp-json\/wp\/v2\/pages\/199","targetHints":{"allow":["GET"]}}],"collection":[{"href":"https:\/\/digier.erasmus.site\/pl\/wp-json\/wp\/v2\/pages"}],"about":[{"href":"https:\/\/digier.erasmus.site\/pl\/wp-json\/wp\/v2\/types\/page"}],"author":[{"embeddable":true,"href":"https:\/\/digier.erasmus.site\/pl\/wp-json\/wp\/v2\/users\/1"}],"replies":[{"embeddable":true,"href":"https:\/\/digier.erasmus.site\/pl\/wp-json\/wp\/v2\/comments?post=199"}],"version-history":[{"count":99,"href":"https:\/\/digier.erasmus.site\/pl\/wp-json\/wp\/v2\/pages\/199\/revisions"}],"predecessor-version":[{"id":1625,"href":"https:\/\/digier.erasmus.site\/pl\/wp-json\/wp\/v2\/pages\/199\/revisions\/1625"}],"wp:attachment":[{"href":"https:\/\/digier.erasmus.site\/pl\/wp-json\/wp\/v2\/media?parent=199"}],"curies":[{"name":"wp","href":"https:\/\/api.w.org\/{rel}","templated":true}]}}