{"id":154,"date":"2021-12-15T09:51:24","date_gmt":"2021-12-15T09:51:24","guid":{"rendered":"https:\/\/digier.erasmus.site\/?page_id=154"},"modified":"2022-06-29T10:31:17","modified_gmt":"2022-06-29T10:31:17","slug":"project-partners","status":"publish","type":"page","link":"https:\/\/digier.erasmus.site\/pl\/project-partners\/","title":{"rendered":"PARTNERZY PROJEKTU"},"content":{"rendered":"<p><img fetchpriority=\"high\" decoding=\"async\" class=\"size-medium wp-image-134 aligncenter\" src=\"https:\/\/digier.erasmus.site\/wp-content\/uploads\/2021\/12\/rig-300x300.png\" alt=\"\" width=\"300\" height=\"300\" srcset=\"https:\/\/digier.erasmus.site\/wp-content\/uploads\/2021\/12\/rig.png 300w, https:\/\/digier.erasmus.site\/wp-content\/uploads\/2021\/12\/rig-150x150.png 150w\" sizes=\"(max-width: 300px) 100vw, 300px\" \/><\/p>\n<h3 style=\"text-align: center;\"><strong>Regionalna Izba Gospodarcza w Katowicach \u2013 Koordynator projektu<\/strong><\/h3>\n<p>Regionalna Izba Gospodarcza w Katowicach jest instytucj\u0105 wspieraj\u0105c\u0105 ma\u0142e i \u015brednie przedsi\u0119biorstwa w regionie \u015bl\u0105skim od ponad 30 lat. Skupiamy ponad 500 firm zlokalizowanych w Polsce i w pozosta\u0142ych cz\u0119\u015bciach Europy. Nasz\u0105 misj\u0105 jest wspieranie ma\u0142ych i \u015brednich przedsi\u0119biorstw oraz wsp\u00f3\u0142praca z instytucjami naukowymi, biznesowymi, (samorz\u0105dowymi) i rz\u0105dowymi w celu tworzenia przyjaznego \u015brodowiska dla biznesu na \u015bwiecie. Du\u017c\u0105 wag\u0119 przyk\u0142adamy do wsp\u00f3\u0142pracy mi\u0119dzynarodowej naszej organizacji, dzi\u0119ki kt\u00f3rej umo\u017cliwiamy naszym cz\u0142onkom rozw\u00f3j na rynkach zagranicznych. Jeste\u015bmy organizatorem Europejskiego Kongresu Ma\u0142ych i \u015arednich Przedsi\u0119biorstw &#8211; najwi\u0119kszego wydarzenia dedykowanego M\u015aP w Europie.<\/p>\n<p><strong>Strona internetowa:<\/strong> <a href=\"https:\/\/www.rig.katowice.pl\" target=\"_blank\" rel=\"noopener\">www.rig.katowice.pl<\/a><\/p>\n<hr \/>\n<p style=\"text-align: center;\"><img decoding=\"async\" class=\"size-medium wp-image-135 aligncenter\" src=\"https:\/\/digier.erasmus.site\/wp-content\/uploads\/2021\/12\/kainotomia-300x300.png\" alt=\"\" width=\"300\" height=\"300\" srcset=\"https:\/\/digier.erasmus.site\/wp-content\/uploads\/2021\/12\/kainotomia.png 300w, https:\/\/digier.erasmus.site\/wp-content\/uploads\/2021\/12\/kainotomia-150x150.png 150w\" sizes=\"(max-width: 300px) 100vw, 300px\" \/><\/p>\n<h3 style=\"text-align: center;\"><strong>KAINOTOMIA &amp; SIA EE<br \/>\n<\/strong><\/h3>\n<p>KAINOTOMIA to Instytucja Kszta\u0142cenia i Szkolenia Zawodowego, kt\u00f3ra zosta\u0142a za\u0142o\u017cona w 2013 roku przez grup\u0119 os\u00f3b posiadaj\u0105cych fachow\u0105 wiedz\u0119 i przez ca\u0142e \u017cycie zaanga\u017cowanych w tematyk\u0119 uczenia si\u0119.<\/p>\n<p>Celem KAINOTOMII jest realizacja program\u00f3w ci\u0105g\u0142ego szkolenia zawodowego skierowanych do m\u0142odzie\u017cy, os\u00f3b bezrobotnych, pedagog\u00f3w wszystkich poziom\u00f3w edukacji, student\u00f3w szk\u00f3\u0142 wy\u017cszych, os\u00f3b zatrudnionych\/samozatrudnionych oraz grup spo\u0142ecznych znajduj\u0105cych si\u0119 w trudnej sytuacji (migranci, uchod\u017acy, osoby niepe\u0142nosprawne), w celu rozwoju mo\u017cliwo\u015bci zawodowych oraz ich promocji i integracji z rynkiem pracy i spo\u0142ecze\u0144stwem w og\u00f3le.<\/p>\n<p>KAINOTOMIA \u015bwiadczy us\u0142ugi doradztwa biznesowego dla przedsi\u0119biorstw oraz us\u0142ugi wspieraj\u0105ce i doradcze dla sta\u017cyst\u00f3w, aby u\u0142atwi\u0107 im (ponowne) wej\u015bcie na rynek pracy. KAINOTOMIA uczestniczy\u0142a w wielu projektach krajowych, oferuj\u0105c wysoki stopie\u0144 ekspertyzy w zakresie szkole\u0144 w nowoczesnych dziedzinach, dopasowuj\u0105c je do tych, na kt\u00f3re jest du\u017ce zapotrzebowanie na rynku pracy, w celu rozwijania wiedzy, umiej\u0119tno\u015bci i postaw sta\u017cyst\u00f3w w kierunku ich integracji na rynku pracy. KAINOTOMIA uczestniczy we wsp\u00f3\u0142finansowanych projektach krajowych pod nazw\u0105 &#8222;lokalne plany rozwoju i przedsi\u0119biorczo\u015bci dla bezrobotnych w oparciu o specyficzne potrzeby lokalne i potencja\u0142 wzrostu&#8221;.<\/p>\n<p><strong>Strona internetowa:<\/strong> <a href=\"https:\/\/kainotomia.com.gr\/en\/european-training-programs\/\" target=\"_blank\" rel=\"noopener\">www.kainotomia.com.gr<\/a><\/p>\n<hr \/>\n<p><img decoding=\"async\" class=\"size-medium wp-image-136 aligncenter\" src=\"https:\/\/digier.erasmus.site\/wp-content\/uploads\/2021\/12\/cwep-300x300.png\" alt=\"\" width=\"300\" height=\"300\" srcset=\"https:\/\/digier.erasmus.site\/wp-content\/uploads\/2021\/12\/cwep.png 300w, https:\/\/digier.erasmus.site\/wp-content\/uploads\/2021\/12\/cwep-150x150.png 150w\" sizes=\"(max-width: 300px) 100vw, 300px\" \/><\/p>\n<h3 style=\"text-align: center;\"><strong>Centrum Wspierania Edukacji i Przedsi\u0119biorczo\u015bci (CWEP)<\/strong><\/h3>\n<p>Stowarzyszenie dzia\u0142a od czerwca 2004 roku prowadz\u0105c dzia\u0142alno\u015b\u0107 zwi\u0105zan\u0105 ze wspieraniem i promocj\u0105 nowoczesnej edukacji i przedsi\u0119biorczo\u015bci, badaniami naukowymi i doradztwem, prowadzeniem dzia\u0142alno\u015bci szkoleniowej, wydawniczej, marketingowej, doradczej i reklamowej. CWEP \u015bwiadczy us\u0142ugi w zakresie wspierania edukacji poprzez realizacj\u0119 ponadnarodowych projekt\u00f3w edukacyjnych skierowanych do m\u0142odzie\u017cy oraz organizacj\u0119 szkole\u0144. Prowadzi r\u00f3wnie\u017c wsparcie doradcze dla firm dzia\u0142aj\u0105cych w regionie oraz realizuje projekty inwestycyjne maj\u0105ce na celu podniesienie jako\u015bci us\u0142ug otoczenia biznesu. Stowarzyszenie jest aktywne na polu naukowym, wyra\u017caj\u0105cym si\u0119 w zaanga\u017cowaniu w projekty badawcze oraz prowadzeniu w\u0142asnych analiz spo\u0142ecznych.<\/p>\n<p>CWEP wsp\u00f3\u0142pracuje z wieloma partnerami z Europy (m.in. Austria, Niemcy, Holandia, Rumunia, S\u0142owenia, Wielka Brytania, W\u0142ochy) wsp\u00f3lnie realizuj\u0105c projekty skierowane do m\u0142odzie\u017cy, os\u00f3b ucz\u0105cych si\u0119 i przedsi\u0119biorc\u00f3w.<\/p>\n<p><strong>Strona internetowa:<\/strong> <a href=\"https:\/\/www.cwep.eu\" target=\"_blank\" rel=\"noopener\">www.cwep.eu<\/a><\/p>\n<hr \/>\n<p><img loading=\"lazy\" decoding=\"async\" class=\"size-medium wp-image-140 aligncenter\" src=\"https:\/\/digier.erasmus.site\/wp-content\/uploads\/2021\/12\/civic-300x300.png\" alt=\"\" width=\"300\" height=\"300\" srcset=\"https:\/\/digier.erasmus.site\/wp-content\/uploads\/2021\/12\/civic.png 300w, https:\/\/digier.erasmus.site\/wp-content\/uploads\/2021\/12\/civic-150x150.png 150w\" sizes=\"(max-width: 300px) 100vw, 300px\" \/><\/p>\n<h3 style=\"text-align: center;\"><strong>CIVIC <\/strong><\/h3>\n<p>CIVIC jest wielokrotnie nagradzanym dostawc\u0105 rozwi\u0105za\u0144 cyfrowych z prawie dwudziestoletnim do\u015bwiadczeniem w bran\u017cy. Pomagamy firmom odnie\u015b\u0107 sukces dzi\u0119ki efektywnej, u\u017cytecznej technologii, \u0142\u0105cz\u0105c nasz\u0105 wiedz\u0119 w zakresie projektowania do\u015bwiadcze\u0144 u\u017cytkownika, rozwoju i hostingu, aby dostarcza\u0107 rozwi\u0105zania cyfrowe, kt\u00f3re dzia\u0142aj\u0105.<\/p>\n<p>Nasz\u0105 reputacj\u0119 budujemy na obs\u0142udze klienta, innowacyjno\u015bci, stosunku jako\u015bci do ceny i wiod\u0105cej na rynku wiedzy. Nadal pracujemy nad projektami o wysokim profilu, kreatywnymi i z\u0142o\u017conymi technicznie, pomagaj\u0105c naszym klientom w ulepszaniu us\u0142ug dostarczanych ich u\u017cytkownikom.<\/p>\n<p><strong>Strona internetowa:<\/strong> <a href=\"http:\/\/civicuk.com\/\" target=\"_blank\" rel=\"noopener\">www.civicuk.com<\/a><\/p>\n<hr \/>\n<p><img loading=\"lazy\" decoding=\"async\" class=\"size-medium wp-image-142 aligncenter\" src=\"https:\/\/digier.erasmus.site\/wp-content\/uploads\/2021\/12\/gzs-300x300.png\" alt=\"\" width=\"300\" height=\"300\" srcset=\"https:\/\/digier.erasmus.site\/wp-content\/uploads\/2021\/12\/gzs.png 300w, https:\/\/digier.erasmus.site\/wp-content\/uploads\/2021\/12\/gzs-150x150.png 150w\" sizes=\"(max-width: 300px) 100vw, 300px\" \/><\/p>\n<h3 style=\"text-align: center;\"><strong>IZBA PRZEMYS\u0141OWO-HANDLOWA W S\u0141OWENII<\/strong><\/h3>\n<p>Izba Przemys\u0142owo-Handlowa S\u0142owenii (CCIS) jest najwi\u0119kszym niezale\u017cnym, dobrowolnym, niedochodowym stowarzyszeniem firm w S\u0142owenii. Zosta\u0142a za\u0142o\u017cona w 1851 roku i dzi\u015b mo\u017ce poszczyci\u0107 si\u0119 ponad 5.200 firmami cz\u0142onkowskimi o r\u00f3\u017cnym kszta\u0142cie, wielko\u015bci, bran\u017cy i pochodzeniu regionalnym.<\/p>\n<p>Nasze firmy cz\u0142onkowskie wnosz\u0105 oko\u0142o 50% warto\u015bci dodanej brutto s\u0142owe\u0144skiej gospodarki i generuj\u0105 2\/3 sprzeda\u017cy na rynkach zagranicznych. Biznes w S\u0142owenii zaczyna si\u0119 tutaj! Co mo\u017cemy dla Pa\u0144stwa zrobi\u0107? CCIS jest idealnym lokalnym partnerem dla zagranicznych inwestor\u00f3w i profesjonalist\u00f3w biznesowych. Mo\u017ce wspiera\u0107 i u\u0142atwia\u0107 wej\u015bcie na s\u0142owe\u0144ski rynek. Mo\u017ce pom\u00f3c Ci w poszukiwaniu nowych kontakt\u00f3w i zapewni\u0107 szeroki zakres przydatnych informacji biznesowych. Je\u015bli s\u0105 Pa\u0144stwo zainteresowani prowadzeniem dzia\u0142alno\u015bci gospodarczej w S\u0142owenii, CCIS oferuje us\u0142ugi opracowane specjalnie dla Pa\u0144stwa potrzeb.<\/p>\n<p>CCIS jest cz\u0142onkiem wielu organ\u00f3w rz\u0105dowych, rad i komitet\u00f3w, wspieraj\u0105c je swoj\u0105 wiedz\u0105 i do\u015bwiadczeniem. CCIS jest organizacj\u0105 partner\u00f3w spo\u0142ecznych w S\u0142owenii i tym samym cz\u0142onkiem Rady Gospodarczej i Spo\u0142ecznej S\u0142owenii. Strategiczn\u0105 orientacj\u0105 CCIS jest wsp\u00f3\u0142praca i zaanga\u017cowanie we wszystkie procesy kszta\u0142towania \u015brodowiska ekonomicznego i biznesowego, jak r\u00f3wnie\u017c polityki gospodarczej, w tym wszystkie wysi\u0142ki na rzecz poprawy ekonomicznego, spo\u0142ecznego i \u015brodowiskowego rozwoju S\u0142owenii. CCIS tworzy jedn\u0105 osob\u0119 prawn\u0105 z 26 stowarzyszeniami bran\u017cowymi. Zrzesza 13 biur regionalnych w S\u0142owenii obejmuj\u0105cych wszystkie regiony S\u0142owenii.<\/p>\n<p><strong>Strona internetowa:<\/strong> <a href=\"https:\/\/eng.gzs.si\/\">www.eng.gzs.si<\/a><\/p>\n<hr \/>\n<p><img loading=\"lazy\" decoding=\"async\" class=\"wp-image-172 size-medium aligncenter\" src=\"https:\/\/digier.erasmus.site\/wp-content\/uploads\/2021\/12\/camera-300x300.png\" alt=\"\" width=\"300\" height=\"300\" srcset=\"https:\/\/digier.erasmus.site\/wp-content\/uploads\/2021\/12\/camera.png 300w, https:\/\/digier.erasmus.site\/wp-content\/uploads\/2021\/12\/camera-150x150.png 150w\" sizes=\"(max-width: 300px) 100vw, 300px\" \/><\/p>\n<h3 style=\"text-align: center;\"><strong>Izba Przemys\u0142owo-Handlowa w Bistrita Nasaud (CCI BN)<\/strong><\/h3>\n<p>Izba Przemys\u0142owo-Handlowa w Bistrita Nasaud (CCI BN) jest niezale\u017cnym, dobrowolnym, niedochodowym stowarzyszeniem firm z powiatu Bistrita Nasaud. Zosta\u0142a za\u0142o\u017cona we wrze\u015bniu 1990 roku i obecnie zrzesza ponad 280 firm cz\u0142onkowskich o r\u00f3\u017cnych kszta\u0142tach, rozmiarach i bran\u017cach. Nasze firmy cz\u0142onkowskie wnosz\u0105 oko\u0142o 80% warto\u015bci dodanej brutto gospodarki Bistrita Nasaud i generuj\u0105 2\/3 sprzeda\u017cy na rynkach zagranicznych. CCIBN jest idealnym lokalnym partnerem dla inwestor\u00f3w zagranicznych i profesjonalist\u00f3w biznesowych zainteresowanych Regionem P\u00f3\u0142nocno-Zachodnim.<\/p>\n<p>W ci\u0105gu 31 lat dzia\u0142alno\u015bci Izba ugruntowa\u0142a swoj\u0105 pozycj\u0119 w krajobrazie gospodarczym powiatu jako u\u017cyteczna i niezb\u0119dna instytucja gospodarki rynkowej, aktywnie manifestuj\u0105c swoj\u0105 rol\u0119 lidera w zbli\u017caniu si\u0119 do okresu prze\u0142omowego w celu zwi\u0119kszenia lokalnej elastyczno\u015bci.<\/p>\n<p>Aby poradzi\u0107 sobie z transformacj\u0105 cyfrow\u0105 i gospodark\u0105 o obiegu zamkni\u0119tym, CCIBN sta\u0142o si\u0119 za\u0142o\u017cycielem Digital Innovation Hub for Society i cz\u0142onkiem klastra CLEMS, opracowuj\u0105c konkretne dzia\u0142ania dla lokalnej spo\u0142eczno\u015bci biznesowej.<\/p>\n<p>Siedziba CCIBN mo\u017ce pomie\u015bci\u0107 ponad 100 uczestnik\u00f3w dzi\u0119ki wielofunkcyjnej sali konferencyjnej, salom warsztatowym i konferencyjnym oraz biurom dla wszystkich departament\u00f3w i 18 pracownikom.<\/p>\n<p>CCIS jest zaanga\u017cowany w szeroki zakres projekt\u00f3w na poziomie krajowym, transgranicznym, transnarodowym i unijnym. W ci\u0105gu ostatnich 3 lat CCIBN uczestniczy\u0142 (przewodniczy\u0142) w ponad 4 projektach w ramach instrument\u00f3w strukturalnych, Erasmus+, Interreg.<\/p>\n<p><strong>Strona internetowa:<\/strong> <a href=\"http:\/\/www.cciabn.ro\/webb\/\" target=\"_blank\" rel=\"noopener\">www.cciabn.ro<\/a><\/p>\n","protected":false},"excerpt":{"rendered":"<p>Regionalna Izba Gospodarcza w Katowicach \u2013 Koordynator projektu Regionalna Izba Gospodarcza w Katowicach jest instytucj\u0105 wspieraj\u0105c\u0105 ma\u0142e i \u015brednie przedsi\u0119biorstwa&hellip;&nbsp;<a href=\"https:\/\/digier.erasmus.site\/pl\/project-partners\/\" rel=\"bookmark\">Dowiedz si\u0119 wi\u0119cej &raquo;<span class=\"screen-reader-text\">PARTNERZY PROJEKTU<\/span><\/a><\/p>\n","protected":false},"author":1,"featured_media":0,"parent":0,"menu_order":0,"comment_status":"closed","ping_status":"closed","template":"","meta":{"neve_meta_sidebar":"","neve_meta_container":"","neve_meta_enable_content_width":"off","neve_meta_content_width":100,"neve_meta_title_alignment":"","neve_meta_author_avatar":"","neve_post_elements_order":"","neve_meta_disable_header":"","neve_meta_disable_footer":"","neve_meta_disable_title":"","footnotes":""},"class_list":["post-154","page","type-page","status-publish","hentry"],"yoast_head":"<!-- This site is optimized with the Yoast SEO plugin v27.4 - https:\/\/yoast.com\/product\/yoast-seo-wordpress\/ -->\n<title>PARTNERZY PROJEKTU - DigiER Project<\/title>\n<meta name=\"robots\" content=\"index, follow, max-snippet:-1, max-image-preview:large, max-video-preview:-1\" \/>\n<link rel=\"canonical\" href=\"https:\/\/digier.erasmus.site\/pl\/project-partners\/\" \/>\n<meta property=\"og:locale\" content=\"pl_PL\" \/>\n<meta property=\"og:type\" content=\"article\" \/>\n<meta property=\"og:title\" content=\"PARTNERZY PROJEKTU - DigiER Project\" \/>\n<meta property=\"og:description\" content=\"Regionalna Izba Gospodarcza w Katowicach \u2013 Koordynator projektu Regionalna Izba Gospodarcza w Katowicach jest instytucj\u0105 wspieraj\u0105c\u0105 ma\u0142e i \u015brednie przedsi\u0119biorstwa&hellip;&nbsp;Dowiedz si\u0119 wi\u0119cej &raquo;PARTNERZY PROJEKTU\" \/>\n<meta property=\"og:url\" content=\"https:\/\/digier.erasmus.site\/pl\/project-partners\/\" \/>\n<meta property=\"og:site_name\" content=\"DigiER Project\" \/>\n<meta property=\"article:publisher\" content=\"https:\/\/www.facebook.com\/DigierProject\" \/>\n<meta property=\"article:modified_time\" content=\"2022-06-29T10:31:17+00:00\" \/>\n<meta property=\"og:image\" content=\"https:\/\/digier.erasmus.site\/wp-content\/uploads\/2021\/12\/rig-300x300.png\" \/>\n<meta name=\"twitter:card\" content=\"summary_large_image\" \/>\n<meta name=\"twitter:label1\" content=\"Szacowany czas czytania\" \/>\n\t<meta name=\"twitter:data1\" content=\"6 minut\" \/>\n<script type=\"application\/ld+json\" class=\"yoast-schema-graph\">{\"@context\":\"https:\\\/\\\/schema.org\",\"@graph\":[{\"@type\":\"WebPage\",\"@id\":\"https:\\\/\\\/digier.erasmus.site\\\/pl\\\/project-partners\\\/\",\"url\":\"https:\\\/\\\/digier.erasmus.site\\\/pl\\\/project-partners\\\/\",\"name\":\"PARTNERZY PROJEKTU - DigiER Project\",\"isPartOf\":{\"@id\":\"https:\\\/\\\/digier.erasmus.site\\\/pl\\\/#website\"},\"primaryImageOfPage\":{\"@id\":\"https:\\\/\\\/digier.erasmus.site\\\/pl\\\/project-partners\\\/#primaryimage\"},\"image\":{\"@id\":\"https:\\\/\\\/digier.erasmus.site\\\/project-partners\\\/#primaryimage\"},\"thumbnailUrl\":\"https:\\\/\\\/digier.erasmus.site\\\/wp-content\\\/uploads\\\/2021\\\/12\\\/rig-300x300.png\",\"datePublished\":\"2021-12-15T09:51:24+00:00\",\"dateModified\":\"2022-06-29T10:31:17+00:00\",\"breadcrumb\":{\"@id\":\"https:\\\/\\\/digier.erasmus.site\\\/pl\\\/project-partners\\\/#breadcrumb\"},\"inLanguage\":\"pl-PL\",\"potentialAction\":[{\"@type\":\"ReadAction\",\"target\":[[\"https:\\\/\\\/digier.erasmus.site\\\/pl\\\/project-partners\\\/\"]]}]},{\"@type\":\"ImageObject\",\"inLanguage\":\"pl-PL\",\"@id\":\"https:\\\/\\\/digier.erasmus.site\\\/pl\\\/project-partners\\\/#primaryimage\",\"url\":\"https:\\\/\\\/digier.erasmus.site\\\/wp-content\\\/uploads\\\/2021\\\/12\\\/rig-300x300.png\",\"contentUrl\":\"https:\\\/\\\/digier.erasmus.site\\\/wp-content\\\/uploads\\\/2021\\\/12\\\/rig-300x300.png\"},{\"@type\":\"BreadcrumbList\",\"@id\":\"https:\\\/\\\/digier.erasmus.site\\\/pl\\\/project-partners\\\/#breadcrumb\",\"itemListElement\":[{\"@type\":\"ListItem\",\"position\":1,\"name\":\"Home\",\"item\":\"https:\\\/\\\/digier.erasmus.site\\\/pl\\\/\"},{\"@type\":\"ListItem\",\"position\":2,\"name\":\"Project Partners\"}]},{\"@type\":\"WebSite\",\"@id\":\"https:\\\/\\\/digier.erasmus.site\\\/pl\\\/#website\",\"url\":\"https:\\\/\\\/digier.erasmus.site\\\/pl\\\/\",\"name\":\"DigiER Project\",\"description\":\"DigiER - Digital Transborders Entrepreneurship Readiness\",\"publisher\":{\"@id\":\"https:\\\/\\\/digier.erasmus.site\\\/pl\\\/#organization\"},\"potentialAction\":[{\"@type\":\"SearchAction\",\"target\":{\"@type\":\"EntryPoint\",\"urlTemplate\":\"https:\\\/\\\/digier.erasmus.site\\\/pl\\\/?s={search_term_string}\"},\"query-input\":{\"@type\":\"PropertyValueSpecification\",\"valueRequired\":true,\"valueName\":\"search_term_string\"}}],\"inLanguage\":\"pl-PL\"},{\"@type\":\"Organization\",\"@id\":\"https:\\\/\\\/digier.erasmus.site\\\/pl\\\/#organization\",\"name\":\"DigiER - Digital Transborders Entrepreneurship Readiness\",\"url\":\"https:\\\/\\\/digier.erasmus.site\\\/pl\\\/\",\"logo\":{\"@type\":\"ImageObject\",\"inLanguage\":\"pl-PL\",\"@id\":\"https:\\\/\\\/digier.erasmus.site\\\/pl\\\/#\\\/schema\\\/logo\\\/image\\\/\",\"url\":\"https:\\\/\\\/digier.erasmus.site\\\/wp-content\\\/uploads\\\/2021\\\/11\\\/DigiER-Logo.jpg\",\"contentUrl\":\"https:\\\/\\\/digier.erasmus.site\\\/wp-content\\\/uploads\\\/2021\\\/11\\\/DigiER-Logo.jpg\",\"width\":1123,\"height\":794,\"caption\":\"DigiER - Digital Transborders Entrepreneurship Readiness\"},\"image\":{\"@id\":\"https:\\\/\\\/digier.erasmus.site\\\/pl\\\/#\\\/schema\\\/logo\\\/image\\\/\"},\"sameAs\":[\"https:\\\/\\\/www.facebook.com\\\/DigierProject\",\"https:\\\/\\\/www.linkedin.com\\\/company\\\/digier-digital-transborder-entrepreneurship-readiness\\\/\"]}]}<\/script>\n<!-- \/ Yoast SEO plugin. -->","yoast_head_json":{"title":"PARTNERZY PROJEKTU - DigiER Project","robots":{"index":"index","follow":"follow","max-snippet":"max-snippet:-1","max-image-preview":"max-image-preview:large","max-video-preview":"max-video-preview:-1"},"canonical":"https:\/\/digier.erasmus.site\/pl\/project-partners\/","og_locale":"pl_PL","og_type":"article","og_title":"PARTNERZY PROJEKTU - DigiER Project","og_description":"Regionalna Izba Gospodarcza w Katowicach \u2013 Koordynator projektu Regionalna Izba Gospodarcza w Katowicach jest instytucj\u0105 wspieraj\u0105c\u0105 ma\u0142e i \u015brednie przedsi\u0119biorstwa&hellip;&nbsp;Dowiedz si\u0119 wi\u0119cej &raquo;PARTNERZY PROJEKTU","og_url":"https:\/\/digier.erasmus.site\/pl\/project-partners\/","og_site_name":"DigiER Project","article_publisher":"https:\/\/www.facebook.com\/DigierProject","article_modified_time":"2022-06-29T10:31:17+00:00","og_image":[{"url":"https:\/\/digier.erasmus.site\/wp-content\/uploads\/2021\/12\/rig-300x300.png","type":"","width":"","height":""}],"twitter_card":"summary_large_image","twitter_misc":{"Szacowany czas czytania":"6 minut"},"schema":{"@context":"https:\/\/schema.org","@graph":[{"@type":"WebPage","@id":"https:\/\/digier.erasmus.site\/pl\/project-partners\/","url":"https:\/\/digier.erasmus.site\/pl\/project-partners\/","name":"PARTNERZY PROJEKTU - DigiER Project","isPartOf":{"@id":"https:\/\/digier.erasmus.site\/pl\/#website"},"primaryImageOfPage":{"@id":"https:\/\/digier.erasmus.site\/pl\/project-partners\/#primaryimage"},"image":{"@id":"https:\/\/digier.erasmus.site\/project-partners\/#primaryimage"},"thumbnailUrl":"https:\/\/digier.erasmus.site\/wp-content\/uploads\/2021\/12\/rig-300x300.png","datePublished":"2021-12-15T09:51:24+00:00","dateModified":"2022-06-29T10:31:17+00:00","breadcrumb":{"@id":"https:\/\/digier.erasmus.site\/pl\/project-partners\/#breadcrumb"},"inLanguage":"pl-PL","potentialAction":[{"@type":"ReadAction","target":[["https:\/\/digier.erasmus.site\/pl\/project-partners\/"]]}]},{"@type":"ImageObject","inLanguage":"pl-PL","@id":"https:\/\/digier.erasmus.site\/pl\/project-partners\/#primaryimage","url":"https:\/\/digier.erasmus.site\/wp-content\/uploads\/2021\/12\/rig-300x300.png","contentUrl":"https:\/\/digier.erasmus.site\/wp-content\/uploads\/2021\/12\/rig-300x300.png"},{"@type":"BreadcrumbList","@id":"https:\/\/digier.erasmus.site\/pl\/project-partners\/#breadcrumb","itemListElement":[{"@type":"ListItem","position":1,"name":"Home","item":"https:\/\/digier.erasmus.site\/pl\/"},{"@type":"ListItem","position":2,"name":"Project Partners"}]},{"@type":"WebSite","@id":"https:\/\/digier.erasmus.site\/pl\/#website","url":"https:\/\/digier.erasmus.site\/pl\/","name":"DigiER Project","description":"DigiER - Digital Transborders Entrepreneurship Readiness","publisher":{"@id":"https:\/\/digier.erasmus.site\/pl\/#organization"},"potentialAction":[{"@type":"SearchAction","target":{"@type":"EntryPoint","urlTemplate":"https:\/\/digier.erasmus.site\/pl\/?s={search_term_string}"},"query-input":{"@type":"PropertyValueSpecification","valueRequired":true,"valueName":"search_term_string"}}],"inLanguage":"pl-PL"},{"@type":"Organization","@id":"https:\/\/digier.erasmus.site\/pl\/#organization","name":"DigiER - Digital Transborders Entrepreneurship Readiness","url":"https:\/\/digier.erasmus.site\/pl\/","logo":{"@type":"ImageObject","inLanguage":"pl-PL","@id":"https:\/\/digier.erasmus.site\/pl\/#\/schema\/logo\/image\/","url":"https:\/\/digier.erasmus.site\/wp-content\/uploads\/2021\/11\/DigiER-Logo.jpg","contentUrl":"https:\/\/digier.erasmus.site\/wp-content\/uploads\/2021\/11\/DigiER-Logo.jpg","width":1123,"height":794,"caption":"DigiER - Digital Transborders Entrepreneurship Readiness"},"image":{"@id":"https:\/\/digier.erasmus.site\/pl\/#\/schema\/logo\/image\/"},"sameAs":["https:\/\/www.facebook.com\/DigierProject","https:\/\/www.linkedin.com\/company\/digier-digital-transborder-entrepreneurship-readiness\/"]}]}},"_links":{"self":[{"href":"https:\/\/digier.erasmus.site\/pl\/wp-json\/wp\/v2\/pages\/154","targetHints":{"allow":["GET"]}}],"collection":[{"href":"https:\/\/digier.erasmus.site\/pl\/wp-json\/wp\/v2\/pages"}],"about":[{"href":"https:\/\/digier.erasmus.site\/pl\/wp-json\/wp\/v2\/types\/page"}],"author":[{"embeddable":true,"href":"https:\/\/digier.erasmus.site\/pl\/wp-json\/wp\/v2\/users\/1"}],"replies":[{"embeddable":true,"href":"https:\/\/digier.erasmus.site\/pl\/wp-json\/wp\/v2\/comments?post=154"}],"version-history":[{"count":16,"href":"https:\/\/digier.erasmus.site\/pl\/wp-json\/wp\/v2\/pages\/154\/revisions"}],"predecessor-version":[{"id":446,"href":"https:\/\/digier.erasmus.site\/pl\/wp-json\/wp\/v2\/pages\/154\/revisions\/446"}],"wp:attachment":[{"href":"https:\/\/digier.erasmus.site\/pl\/wp-json\/wp\/v2\/media?parent=154"}],"curies":[{"name":"wp","href":"https:\/\/api.w.org\/{rel}","templated":true}]}}